{"id":8,"date":"2024-10-29T07:17:29","date_gmt":"2024-10-29T07:17:29","guid":{"rendered":"https:\/\/saunaempire.lt\/?page_id=8"},"modified":"2024-11-03T17:49:13","modified_gmt":"2024-11-03T17:49:13","slug":"apie-mus","status":"publish","type":"page","link":"https:\/\/saunaempire.lt\/ru\/apie-mus\/","title":{"rendered":"\u041e \u043d\u0430\u0441"},"content":{"rendered":"<div data-elementor-type=\"wp-page\" data-elementor-id=\"8\" class=\"elementor elementor-8\" data-elementor-post-type=\"page\">\n\t\t\t\t<div class=\"elementor-element elementor-element-5cef86f e-flex e-con-boxed e-con e-parent\" data-id=\"5cef86f\" data-element_type=\"container\" data-settings=\"{&quot;background_background&quot;:&quot;classic&quot;}\">\n\t\t\t\t\t<div class=\"e-con-inner\">\n\t\t<div class=\"elementor-element elementor-element-8c09114 e-con-full e-flex e-con e-child\" data-id=\"8c09114\" data-element_type=\"container\">\n\t\t<div class=\"elementor-element elementor-element-f7efffd e-con-full e-flex e-con e-child\" data-id=\"f7efffd\" data-element_type=\"container\">\n\t\t\t\t<div class=\"elementor-element elementor-element-1fb4b52 elementor-widget elementor-widget-heading\" data-id=\"1fb4b52\" data-element_type=\"widget\" data-widget_type=\"heading.default\">\n\t\t\t\t\t<h1 class=\"elementor-heading-title elementor-size-default\">\u041e \u043d\u0430\u0441<\/h1>\t\t\t\t<\/div>\n\t\t\t\t<div class=\"elementor-element elementor-element-da4f941 elementor-widget elementor-widget-html\" data-id=\"da4f941\" data-element_type=\"widget\" data-widget_type=\"html.default\">\n\t\t\t\t\t<a class=\"back\" href=\"javascript:history.go(-1);\">\u2190<\/a>\t\t\t\t<\/div>\n\t\t\t\t<\/div>\n\t\t\t\t<div class=\"elementor-element elementor-element-9f7a70d elementor-widget elementor-widget-text-editor\" data-id=\"9f7a70d\" data-element_type=\"widget\" data-widget_type=\"text-editor.default\">\n\t\t\t\t\t\t\t\t\t<p><\/p>\n<p class=\"translation-block\">\u041f\u0440\u043e\u0435\u043a\u0442 \u0431\u0430\u043d\u043d\u043e\u0433\u043e \u043a\u043e\u043c\u043f\u043b\u0435\u043a\u0441\u0430 \u00abSaunaempire\u00bb, \u0441\u043e\u0437\u0434\u0430\u043d\u043d\u044b\u0439 \u0432 \u0442\u0435\u0447\u0435\u043d\u0438\u0435 10 \u043b\u0435\u0442, \u043f\u0440\u0438\u043e\u0431\u0440\u0435\u043b \u0436\u0435\u043b\u0430\u0435\u043c\u044b\u0439 \u0438\u043c\u0438\u0434\u0436 \u0438 \u0441\u0442\u0430\u043d\u043e\u0432\u0438\u0442\u0441\u044f \u043e\u0442\u043a\u0440\u044b\u0442\u044b\u043c \u0434\u043b\u044f \u043f\u0443\u0431\u043b\u0438\u043a\u0438. \u0422\u0435\u043f\u0435\u0440\u044c \u0432 \u0412\u0438\u043b\u044c\u043d\u044e\u0441\u0435 \u043e\u0442\u043a\u0440\u044b\u043b\u0441\u044f \u0432\u0435\u043b\u0438\u043a\u043e\u043b\u0435\u043f\u043d\u044b\u0439, \u0443\u043d\u0438\u043a\u0430\u043b\u044c\u043d\u044b\u0439 \u0434\u0438\u0437\u0430\u0439\u043d \u043f\u0430\u0440\u043e\u0432\u043e\u0439 \u0431\u0430\u043d\u0438 \u0438 \u0440\u0430\u0437\u0432\u043b\u0435\u043a\u0430\u0442\u0435\u043b\u044c\u043d\u043e\u0433\u043e \u043a\u043e\u043c\u043f\u043b\u0435\u043a\u0441\u0430 Saunaempire. \u041c\u044b \u0441\u0442\u0440\u0435\u043c\u0438\u043c\u0441\u044f \u043f\u0440\u0435\u0434\u043e\u0441\u0442\u0430\u0432\u0438\u0442\u044c \u043d\u0430\u0448\u0438\u043c \u043a\u043b\u0438\u0435\u043d\u0442\u0430\u043c \u0430\u0442\u043c\u043e\u0441\u0444\u0435\u0440\u0443 \u0440\u0438\u043c\u0441\u043a\u043e\u0439 \u0431\u0430\u043d\u0438 \u0432\u044b\u0441\u043e\u0447\u0430\u0439\u0448\u0435\u0433\u043e \u043a\u0430\u0447\u0435\u0441\u0442\u0432\u0430 \u0438 \u044d\u043a\u0441\u043a\u043b\u044e\u0437\u0438\u0432\u043d\u043e\u0433\u043e \u0434\u0438\u0437\u0430\u0439\u043d\u0430. \u042d\u043a\u043e\u043b\u043e\u0433\u0438\u0447\u0435\u0441\u043a\u0438\u0439 \u0438\u043d\u0442\u0435\u0440\u044c\u0435\u0440 \u0441 \u0434\u0440\u0435\u0432\u043d\u0435\u0440\u0438\u043c\u0441\u043a\u0438\u043c\u0438 \u043c\u043e\u0442\u0438\u0432\u0430\u043c\u0438 - \u043e\u0442\u0434\u0435\u043b\u0430\u043d \u043c\u0440\u0430\u043c\u043e\u0440\u043e\u043c. \u0414\u0430\u0432\u043d\u043e \u0438\u0437\u0432\u0435\u0441\u0442\u043d\u043e\u0435 \u0432\u043e\u0437\u0434\u0435\u0439\u0441\u0442\u0432\u0438\u0435 \u043c\u0440\u0430\u043c\u043e\u0440\u0430 \u043d\u0430 \u0437\u0434\u043e\u0440\u043e\u0432\u044c\u0435 \u0432\u0441\u0435 \u0435\u0449\u0435 \u0432\u044b\u0441\u043e\u043a\u043e \u0446\u0435\u043d\u0438\u0442\u0441\u044f \u0432 \u0441\u043e\u0432\u0440\u0435\u043c\u0435\u043d\u043d\u043e\u0439 \u043c\u0435\u0434\u0438\u0446\u0438\u043d\u0435. \u041c\u0440\u0430\u043c\u043e\u0440 - \u044d\u0442\u043e \u0436\u0438\u0432\u043e\u0439 \u043c\u0438\u043d\u0435\u0440\u0430\u043b, \u0431\u043b\u0430\u0433\u043e\u0442\u0432\u043e\u0440\u043d\u043e \u0432\u043b\u0438\u044f\u044e\u0449\u0438\u0439 \u043d\u0430 \u0437\u0434\u043e\u0440\u043e\u0432\u044c\u0435. \u041e\u0442\u0434\u044b\u0445 \u043d\u0430 \u043c\u0440\u0430\u043c\u043e\u0440\u043d\u043e\u0439 \u043a\u0430\u043c\u0435\u043d\u043d\u043e\u0439 \u043a\u0440\u043e\u0432\u0430\u0442\u0438-\u0441\u043a\u0430\u043c\u0435\u0439\u043a\u0435 - \u044d\u0442\u043e \u043c\u0443\u0434\u0440\u043e\u0441\u0442\u044c \u0434\u0440\u0435\u0432\u043d\u0438\u0445 \u0440\u0438\u043c\u043b\u044f\u043d, \u043f\u0440\u0438\u0441\u043f\u043e\u0441\u043e\u0431\u043b\u0435\u043d\u043d\u0430\u044f \u0434\u043b\u044f \u0443\u043a\u0440\u0435\u043f\u043b\u0435\u043d\u0438\u044f \u0437\u0434\u043e\u0440\u043e\u0432\u044c\u044f \u0441\u043e\u0432\u0440\u0435\u043c\u0435\u043d\u043d\u043e\u0433\u043e \u0447\u0435\u043b\u043e\u0432\u0435\u043a\u0430. \u041a\u043e\u043c\u043f\u043b\u0435\u043a\u0441 \u043f\u043b\u043e\u0449\u0430\u0434\u044c\u044e 220 \u043c\u00b2 \u043e\u0441\u043d\u0430\u0449\u0435\u043d \u0442\u0435\u043f\u043b\u044b\u043c \u0438 \u0443\u044e\u0442\u043d\u044b\u043c \u043c\u0440\u0430\u043c\u043e\u0440\u043d\u044b\u043c \u0431\u0430\u0441\u0441\u0435\u0439\u043d\u043e\u043c \u0441 \u043f\u043e\u0434\u0432\u043e\u0434\u043d\u044b\u043c\u0438 \u0442\u0443\u0440\u0431\u043e\u043c\u0430\u0441\u0441\u0430\u0436\u043d\u044b\u043c\u0438 \u0441\u0442\u0440\u0443\u044f\u043c\u0438 \u0438 \u0432\u043e\u0434\u043d\u044b\u043c \u043a\u0430\u0441\u043a\u0430\u0434\u043e\u043c \u00ab\u041b\u044c\u0432\u0438\u043d\u044b\u0439 \u043d\u043e\u0441\u00bb; 8-\u043c\u0435\u0441\u0442\u043d\u044b\u0439 \u043c\u0440\u0430\u043c\u043e\u0440\u043d\u044b\u0439 \u0434\u0436\u0430\u043a\u0443\u0437\u0438-\u0434\u0436\u0430\u043a\u0443\u0437\u0438; 23-\u043c\u0435\u0441\u0442\u043d\u044b\u0439 \u0431\u0430\u043d\u043a\u0435\u0442\u043d\u044b\u0439 \u0437\u0430\u043b \u0441 \u043c\u0440\u0430\u043c\u043e\u0440\u043d\u044b\u043c \u043c\u043e\u0437\u0430\u0438\u0447\u043d\u044b\u043c \u043a\u0440\u0443\u0433\u043b\u044b\u043c \u0441\u0442\u043e\u043b\u043e\u043c, \u0440\u043e\u0441\u043a\u043e\u0448\u043d\u044b\u0439 \u0442\u0440\u043e\u043d \u0438\u0437 \u043c\u0430\u0441\u0441\u0438\u0432\u0430 \u0434\u0435\u0440\u0435\u0432\u0430 \u0440\u0443\u0447\u043d\u043e\u0439 \u0440\u0430\u0431\u043e\u0442\u044b. \u0414\u043b\u044f \u0443\u0434\u043e\u0431\u0441\u0442\u0432\u0430 \u043a\u043b\u0438\u0435\u043d\u0442\u043e\u0432 \u0435\u0441\u0442\u044c 5 \u043c\u0435\u0441\u0442 \u0441 \u043f\u043e\u0434\u043e\u0433\u0440\u0435\u0432\u043e\u043c \u043c\u0440\u0430\u043c\u043e\u0440\u0430 \u0432\u043e\u0437\u043b\u0435 \u0430\u043a\u0432\u0430\u0440\u0438\u0443\u043c\u0430 \u0438 7 \u043c\u0435\u0441\u0442 \u0432\u043e\u0437\u043b\u0435 \u0434\u0436\u0430\u043a\u0443\u0437\u0438. \u041c\u044b \u043f\u0440\u0435\u0434\u043b\u0430\u0433\u0430\u0435\u043c \u043e\u0442\u0434\u043e\u0445\u043d\u0443\u0442\u044c \u0441 \u0441\u0435\u043c\u044c\u044f\u043c\u0438: \u0432 \u0431\u043b\u0438\u0437\u043b\u0435\u0436\u0430\u0449\u0435\u043c \u0440\u0435\u0441\u0442\u043e\u0440\u0430\u043d\u0435 \u00abNyk\u0161tuk\u0173 pasaulis\u00bb \u043c\u044b \u043f\u0440\u0435\u0434\u043b\u0430\u0433\u0430\u0435\u043c \u043d\u0430\u0441\u043b\u0430\u0434\u0438\u0442\u044c\u0441\u044f \u043a\u0430\u0432\u043a\u0430\u0437\u0441\u043a\u043e\u0439 \u043a\u0443\u0445\u043d\u0435\u0439 www.nykstukupasaulis.lt \u0434\u0435\u0442\u0441\u043a\u0430\u044f \u0438\u0433\u0440\u043e\u0432\u0430\u044f \u043a\u043e\u043c\u043d\u0430\u0442\u0430-\u0430\u0442\u0442\u0440\u0430\u043a\u0446\u0438\u043e\u043d\u044b, \u0433\u0434\u0435 \u0437\u0430\u0431\u043e\u0442\u043b\u0438\u0432\u044b\u0435 \u0440\u043e\u0434\u0438\u0442\u0435\u043b\u0438 \u043c\u043e\u0433\u0443\u0442 \u043e\u0441\u0442\u0430\u0432\u0438\u0442\u044c \u0441\u0432\u043e\u0438\u0445 \u0434\u0435\u0442\u0435\u0439, \u0447\u0442\u043e\u0431\u044b \u043d\u0430\u0441\u043b\u0430\u0434\u0438\u0442\u044c\u0441\u044f \u0440\u0430\u0437\u043d\u043e\u043e\u0431\u0440\u0430\u0437\u043d\u044b\u043c\u0438 \u0438\u0433\u0440\u0443\u0448\u043a\u0430\u043c\u0438, \u0430\u0442\u0442\u0440\u0430\u043a\u0446\u0438\u043e\u043d\u0430\u043c\u0438 \u0438 \u0438\u0433\u0440\u0430\u043c\u0438 \u00bb.\u041f\u0440\u043e\u0435\u043a\u0442 \u0432\u044b\u0437\u0432\u0430\u043b \u0431\u043e\u043b\u044c\u0448\u043e\u0439 \u0438\u043d\u0442\u0435\u0440\u0435\u0441 \u0441\u043e \u0441\u0442\u043e\u0440\u043e\u043d\u044b \u0431\u0438\u0437\u043d\u0435\u0441\u0430 \u043a \u0432\u043e\u0437\u043c\u043e\u0436\u043d\u043e\u0441\u0442\u0438 \u043f\u0440\u043e\u0432\u0435\u0434\u0435\u043d\u0438\u044f \u0441\u0432\u043e\u0438\u0445 \u043c\u0435\u0440\u043e\u043f\u0440\u0438\u044f\u0442\u0438\u0439 \u0432 \u043f\u043e\u043c\u0435\u0449\u0435\u043d\u0438\u0438. \u0416\u0438\u0442\u0435\u043b\u0438 \u0438 \u0433\u043e\u0441\u0442\u0438 \u0412\u0438\u043b\u044c\u043d\u044e\u0441\u0430 \u043e\u0441\u0442\u0440\u043e \u043d\u0443\u0436\u0434\u0430\u044e\u0442\u0441\u044f \u0432 \u0440\u043e\u0441\u043a\u043e\u0448\u043d\u044b\u0445 \u0438 \u0437\u0430\u043a\u0440\u044b\u0442\u044b\u0445 \u043f\u043e\u043c\u0435\u0449\u0435\u043d\u0438\u044f\u0445 \u0434\u043b\u044f \u043f\u0440\u043e\u0432\u0435\u0434\u0435\u043d\u0438\u044f \u043c\u0435\u0440\u043e\u043f\u0440\u0438\u044f\u0442\u0438\u0439, \u0442\u0435\u043c\u0430\u0442\u0438\u0447\u0435\u0441\u043a\u0438\u0445 \u0432\u0435\u0447\u0435\u0440\u0438\u043d\u043e\u043a, \u043f\u0440\u0435\u0437\u0435\u043d\u0442\u0430\u0446\u0438\u0439, \u0434\u043d\u0435\u0439 \u0440\u043e\u0436\u0434\u0435\u043d\u0438\u044f, \u0434\u0435\u0432\u0438\u0447\u043d\u0438\u043a\u043e\u0432, \u0434\u0435\u0432\u0438\u0447\u043d\u0438\u043a\u043e\u0432, \u0441\u0432\u0430\u0434\u0435\u0431, \u043a\u0440\u0435\u0441\u0442\u0438\u043d, \u043a\u043e\u0442\u043e\u0440\u044b\u0435 \u0441\u0434\u0435\u043b\u0430\u044e\u0442 \u044d\u0442\u043e\u0442 \u0440\u0430\u0437\u0432\u043b\u0435\u043a\u0430\u0442\u0435\u043b\u044c\u043d\u044b\u0439 \u043a\u043e\u043c\u043f\u043b\u0435\u043a\u0441 \u043e\u0447\u0435\u043d\u044c \u043f\u043e\u043f\u0443\u043b\u044f\u0440\u043d\u044b\u043c \u043d\u0430 \u0440\u044b\u043d\u043a\u0435 \u043a\u0430\u043a \u043d\u043e\u0432\u043e\u0435 \u043f\u043e\u043f\u0443\u043b\u044f\u0440\u043d\u043e\u0435 \u043c\u0435\u0441\u0442\u043e. \u042d\u0442\u043e \u0447\u0440\u0435\u0437\u0432\u044b\u0447\u0430\u0439\u043d\u043e \u0438\u043d\u043d\u043e\u0432\u0430\u0446\u0438\u043e\u043d\u043d\u043e\u0435 \u0438 \u0443\u043d\u0438\u043a\u0430\u043b\u044c\u043d\u043e\u0435 \u043c\u0435\u0441\u0442\u043e \u0432 \u0441\u043e\u043e\u0442\u0432\u0435\u0442\u0441\u0442\u0432\u0438\u0438 \u0441 \u043f\u043e\u0442\u0440\u0435\u0431\u043d\u043e\u0441\u0442\u044f\u043c\u0438 \u043a\u0430\u0436\u0434\u043e\u0433\u043e \u043a\u043b\u0438\u0435\u043d\u0442\u0430. \u041c\u0440\u0430\u043c\u043e\u0440\u043d\u0430\u044f \u043e\u0431\u0441\u0442\u0430\u043d\u043e\u0432\u043a\u0430 \u0443\u0441\u043f\u043e\u043a\u0430\u0438\u0432\u0430\u0435\u0442, \u0441\u043e\u0437\u0434\u0430\u0432\u0430\u044f \u043e\u0449\u0443\u0449\u0435\u043d\u0438\u0435 \u0440\u043e\u0441\u043a\u043e\u0448\u0438, \u043a\u043e\u0442\u043e\u0440\u043e\u0435 \u043f\u043e\u0437\u0432\u043e\u043b\u044f\u0435\u0442 \u0432\u0430\u043c \u0440\u0430\u0441\u0441\u043b\u0430\u0431\u0438\u0442\u044c\u0441\u044f \u0438 \u043d\u0430\u0441\u043b\u0430\u0436\u0434\u0430\u0442\u044c\u0441\u044f \u043e\u0442\u0434\u044b\u0445\u043e\u043c.\n\u041e\u0440\u0433\u0430\u043d\u0438\u0437\u0430\u0442\u043e\u0440\u044b \u043f\u0440\u043e\u0435\u043a\u0442\u0430 \u043d\u0430\u0434\u0435\u044e\u0442\u0441\u044f, \u0447\u0442\u043e \u0440\u0430\u0437\u0432\u043b\u0435\u043a\u0430\u0442\u0435\u043b\u044c\u043d\u044b\u0439 \u043a\u043e\u043c\u043f\u043b\u0435\u043a\u0441 \u0431\u0443\u0434\u0435\u0442 \u0441\u043f\u043e\u0441\u043e\u0431\u0441\u0442\u0432\u043e\u0432\u0430\u0442\u044c \u0442\u043e\u043c\u0443, \u0447\u0442\u043e\u0431\u044b \u043b\u044e\u0434\u0438 \u0432\u044b\u0431\u0438\u0440\u0430\u043b\u0438 \u043a\u0430\u0447\u0435\u0441\u0442\u0432\u0435\u043d\u043d\u044b\u0435 \u0438 \u043d\u0430\u0434\u0435\u0436\u043d\u044b\u0435 \u0440\u0435\u043a\u0440\u0435\u0430\u0446\u0438\u043e\u043d\u043d\u044b\u0435 \u0443\u0441\u043b\u0443\u0433\u0438. \u041f\u0440\u0435\u0438\u043c\u0443\u0449\u0435\u0441\u0442\u0432\u0430 \u0440\u0438\u043c\u0441\u043a\u043e\u0439 \u043f\u0430\u0440\u043e\u0432\u043e\u0439 \u0431\u0430\u043d\u0438 \u0438 \u0432\u043e\u0434\u043d\u044b\u0445 \u043f\u0440\u043e\u0446\u0435\u0434\u0443\u0440 \u043e\u0441\u043e\u0431\u0435\u043d\u043d\u043e \u0430\u043a\u0442\u0443\u0430\u043b\u044c\u043d\u044b, \u043f\u043e\u0442\u043e\u043c\u0443 \u0447\u0442\u043e \u043e\u043d\u0438 \u043f\u0440\u0435\u0434\u043d\u0430\u0437\u043d\u0430\u0447\u0435\u043d\u044b \u0434\u043b\u044f \u0430\u043a\u0442\u0438\u0432\u043d\u044b\u0445, \u0434\u0438\u043d\u0430\u043c\u0438\u0447\u043d\u044b\u0445 \u043b\u044e\u0434\u0435\u0439, \u0430 \u044d\u0444\u0444\u0435\u043a\u0442\u044b \u0432\u043e\u0434\u043d\u044b\u0445 \u043f\u0440\u043e\u0446\u0435\u0434\u0443\u0440 \u0438 \u043c\u0430\u0441\u0441\u0430\u0436\u0435\u0439 \u0445\u043e\u0440\u043e\u0448\u043e \u0438\u0437\u0432\u0435\u0441\u0442\u043d\u044b \u0441\u0432\u043e\u0435\u0439 \u043f\u043e\u043b\u044c\u0437\u043e\u0439 \u0434\u043b\u044f \u0436\u0438\u0437\u043d\u0435\u0441\u043f\u043e\u0441\u043e\u0431\u043d\u043e\u0441\u0442\u0438, \u0444\u0438\u0437\u0438\u0447\u0435\u0441\u043a\u043e\u0439 \u0444\u043e\u0440\u043c\u044b \u0438 \u0431\u043b\u0430\u0433\u043e\u043f\u043e\u043b\u0443\u0447\u0438\u044f \u0447\u0435\u043b\u043e\u0432\u0435\u043a\u0430.<\/p>\n<p><\/p>\n<p><em>\u041f\u0440\u043e\u0435\u043a\u0442 \u0432\u044b\u0437\u0432\u0430\u043b \u0431\u043e\u043b\u044c\u0448\u043e\u0439 \u0438\u043d\u0442\u0435\u0440\u0435\u0441 \u0441\u043e \u0441\u0442\u043e\u0440\u043e\u043d\u044b \u0431\u0438\u0437\u043d\u0435\u0441\u0430 \u043a \u0432\u043e\u0437\u043c\u043e\u0436\u043d\u043e\u0441\u0442\u0438 \u043f\u0440\u043e\u0432\u0435\u0434\u0435\u043d\u0438\u044f \u0441\u0432\u043e\u0438\u0445 \u043c\u0435\u0440\u043e\u043f\u0440\u0438\u044f\u0442\u0438\u0439 \u0432 \u043f\u043e\u043c\u0435\u0449\u0435\u043d\u0438\u0438. \u0416\u0438\u0442\u0435\u043b\u0438 \u0438 \u0433\u043e\u0441\u0442\u0438 \u0412\u0438\u043b\u044c\u043d\u044e\u0441\u0430 \u043e\u0441\u0442\u0440\u043e \u043d\u0443\u0436\u0434\u0430\u044e\u0442\u0441\u044f \u0432 \u0440\u043e\u0441\u043a\u043e\u0448\u043d\u044b\u0445 \u0438 \u0437\u0430\u043a\u0440\u044b\u0442\u044b\u0445 \u043f\u043e\u043c\u0435\u0449\u0435\u043d\u0438\u044f\u0445 \u0434\u043b\u044f \u043f\u0440\u043e\u0432\u0435\u0434\u0435\u043d\u0438\u044f \u043c\u0435\u0440\u043e\u043f\u0440\u0438\u044f\u0442\u0438\u0439, \u0442\u0435\u043c\u0430\u0442\u0438\u0447\u0435\u0441\u043a\u0438\u0445 \u0432\u0435\u0447\u0435\u0440\u0438\u043d\u043e\u043a, \u043f\u0440\u0435\u0437\u0435\u043d\u0442\u0430\u0446\u0438\u0439, \u0434\u043d\u0435\u0439 \u0440\u043e\u0436\u0434\u0435\u043d\u0438\u044f, \u0434\u0435\u0432\u0438\u0447\u043d\u0438\u043a\u043e\u0432, \u0434\u0435\u0432\u0438\u0447\u043d\u0438\u043a\u043e\u0432, \u0441\u0432\u0430\u0434\u0435\u0431, \u043a\u0440\u0435\u0441\u0442\u0438\u043d, \u043a\u043e\u0442\u043e\u0440\u044b\u0435 \u0441\u0434\u0435\u043b\u0430\u044e\u0442 \u044d\u0442\u043e\u0442 \u0440\u0430\u0437\u0432\u043b\u0435\u043a\u0430\u0442\u0435\u043b\u044c\u043d\u044b\u0439 \u043a\u043e\u043c\u043f\u043b\u0435\u043a\u0441 \u043e\u0447\u0435\u043d\u044c \u043f\u043e\u043f\u0443\u043b\u044f\u0440\u043d\u044b\u043c \u043d\u0430 \u0440\u044b\u043d\u043a\u0435 \u043a\u0430\u043a \u043d\u043e\u0432\u043e\u0435 \u043f\u043e\u043f\u0443\u043b\u044f\u0440\u043d\u043e\u0435 \u043c\u0435\u0441\u0442\u043e. \u042d\u0442\u043e \u0447\u0440\u0435\u0437\u0432\u044b\u0447\u0430\u0439\u043d\u043e \u0438\u043d\u043d\u043e\u0432\u0430\u0446\u0438\u043e\u043d\u043d\u043e\u0435 \u0438 \u0443\u043d\u0438\u043a\u0430\u043b\u044c\u043d\u043e\u0435 \u043c\u0435\u0441\u0442\u043e \u0432 \u0441\u043e\u043e\u0442\u0432\u0435\u0442\u0441\u0442\u0432\u0438\u0438 \u0441 \u043f\u043e\u0442\u0440\u0435\u0431\u043d\u043e\u0441\u0442\u044f\u043c\u0438 \u043a\u0430\u0436\u0434\u043e\u0433\u043e \u043a\u043b\u0438\u0435\u043d\u0442\u0430. \u041c\u0440\u0430\u043c\u043e\u0440\u043d\u0430\u044f \u043e\u0431\u0441\u0442\u0430\u043d\u043e\u0432\u043a\u0430 \u0443\u0441\u043f\u043e\u043a\u0430\u0438\u0432\u0430\u0435\u0442, \u0441\u043e\u0437\u0434\u0430\u0432\u0430\u044f \u043e\u0449\u0443\u0449\u0435\u043d\u0438\u0435 \u0440\u043e\u0441\u043a\u043e\u0448\u0438, \u043a\u043e\u0442\u043e\u0440\u043e\u0435 \u043f\u043e\u0437\u0432\u043e\u043b\u044f\u0435\u0442 \u0432\u0430\u043c \u0440\u0430\u0441\u0441\u043b\u0430\u0431\u0438\u0442\u044c\u0441\u044f \u0438 \u043d\u0430\u0441\u043b\u0430\u0436\u0434\u0430\u0442\u044c\u0441\u044f \u043e\u0442\u0434\u044b\u0445\u043e\u043c.\u00a0\u00a0\u00a0\u00a0\u00a0\u00a0\u00a0\u00a0\u00a0\u00a0\u00a0\u00a0\u00a0\u00a0\u00a0\u00a0\u00a0\u00a0\u00a0\u00a0\u00a0\u00a0\u00a0\u00a0\u00a0<\/em><\/p>\n<p><\/p>\n<p><em>\u041e\u0440\u0433\u0430\u043d\u0438\u0437\u0430\u0442\u043e\u0440\u044b \u043f\u0440\u043e\u0435\u043a\u0442\u0430 \u043d\u0430\u0434\u0435\u044e\u0442\u0441\u044f, \u0447\u0442\u043e \u0440\u0430\u0437\u0432\u043b\u0435\u043a\u0430\u0442\u0435\u043b\u044c\u043d\u044b\u0439 \u043a\u043e\u043c\u043f\u043b\u0435\u043a\u0441 \u0431\u0443\u0434\u0435\u0442 \u0441\u043f\u043e\u0441\u043e\u0431\u0441\u0442\u0432\u043e\u0432\u0430\u0442\u044c \u0442\u043e\u043c\u0443, \u0447\u0442\u043e\u0431\u044b \u043b\u044e\u0434\u0438 \u0432\u044b\u0431\u0438\u0440\u0430\u043b\u0438 \u043a\u0430\u0447\u0435\u0441\u0442\u0432\u0435\u043d\u043d\u044b\u0435 \u0438 \u043d\u0430\u0434\u0435\u0436\u043d\u044b\u0435 \u0440\u0435\u043a\u0440\u0435\u0430\u0446\u0438\u043e\u043d\u043d\u044b\u0435 \u0443\u0441\u043b\u0443\u0433\u0438. \u041f\u0440\u0435\u0438\u043c\u0443\u0449\u0435\u0441\u0442\u0432\u0430 \u0440\u0438\u043c\u0441\u043a\u043e\u0439 \u043f\u0430\u0440\u043e\u0432\u043e\u0439 \u0431\u0430\u043d\u0438 \u0438 \u0432\u043e\u0434\u043d\u044b\u0445 \u043f\u0440\u043e\u0446\u0435\u0434\u0443\u0440 \u043e\u0441\u043e\u0431\u0435\u043d\u043d\u043e \u0430\u043a\u0442\u0443\u0430\u043b\u044c\u043d\u044b, \u043f\u043e\u0442\u043e\u043c\u0443 \u0447\u0442\u043e \u043e\u043d\u0438 \u043f\u0440\u0435\u0434\u043d\u0430\u0437\u043d\u0430\u0447\u0435\u043d\u044b \u0434\u043b\u044f \u0430\u043a\u0442\u0438\u0432\u043d\u044b\u0445, \u0434\u0438\u043d\u0430\u043c\u0438\u0447\u043d\u044b\u0445 \u043b\u044e\u0434\u0435\u0439, \u0430 \u044d\u0444\u0444\u0435\u043a\u0442\u044b \u0432\u043e\u0434\u043d\u044b\u0445 \u043f\u0440\u043e\u0446\u0435\u0434\u0443\u0440 \u0438 \u043c\u0430\u0441\u0441\u0430\u0436\u0435\u0439 \u0445\u043e\u0440\u043e\u0448\u043e \u0438\u0437\u0432\u0435\u0441\u0442\u043d\u044b \u0441\u0432\u043e\u0435\u0439 \u043f\u043e\u043b\u044c\u0437\u043e\u0439 \u0434\u043b\u044f \u0436\u0438\u0437\u043d\u0435\u0441\u043f\u043e\u0441\u043e\u0431\u043d\u043e\u0441\u0442\u0438, \u0444\u0438\u0437\u0438\u0447\u0435\u0441\u043a\u043e\u0439 \u0444\u043e\u0440\u043c\u044b \u0438 \u0431\u043b\u0430\u0433\u043e\u043f\u043e\u043b\u0443\u0447\u0438\u044f \u0447\u0435\u043b\u043e\u0432\u0435\u043a\u0430.<\/em><\/p>\n<p><\/p>\n<p><em>\u00a0 \u00a0 \u00a0 \u041e\u0440\u0433\u0430\u043d\u0438\u0437\u0430\u0442\u043e\u0440\u044b \u043d\u0435 \u0441\u043e\u043c\u043d\u0435\u0432\u0430\u044e\u0442\u0441\u044f, \u0447\u0442\u043e \u043d\u043e\u0432\u0430\u044f \u0438 \u044d\u043a\u0441\u043a\u043b\u044e\u0437\u0438\u0432\u043d\u0430\u044f \u0441\u0440\u0435\u0434\u0430 \u0438\u0437 \u043c\u0440\u0430\u043c\u043e\u0440\u043d\u043e\u0433\u043e \u043a\u0430\u043c\u043d\u044f \u043f\u0440\u0438\u0432\u043b\u0435\u0447\u0435\u0442 \u0433\u043e\u0440\u043e\u0436\u0430\u043d \u0438 \u0433\u043e\u0441\u0442\u0435\u0439, \u0447\u0442\u043e\u0431\u044b \u043f\u043e\u043f\u0440\u043e\u0431\u043e\u0432\u0430\u0442\u044c \u0441\u0430\u0443\u043d\u0443 \u00abSaunaempire\u00bb, \u043a\u043e\u0442\u043e\u0440\u0430\u044f \u043f\u0440\u0435\u0434\u043e\u0441\u0442\u0430\u0432\u043b\u044f\u0435\u0442 \u043d\u043e\u0432\u044b\u0435 \u0432\u043f\u0435\u0447\u0430\u0442\u043b\u0435\u043d\u0438\u044f.<\/em><\/p>\n<p><\/p>\t\t\t\t\t\t\t\t<\/div>\n\t\t\t\t<\/div>\n\t\t\t\t\t<\/div>\n\t\t\t\t<\/div>\n\t\t\t\t<\/div>","protected":false},"excerpt":{"rendered":"<p>Sveiki \u2190 \u00a0 \u00a0 \u00a010 metu puosel\u0117tas pirties komplekso \u00a0\u201eSaunaempire\u201c projektas \u012fgavo siekiam\u0105 vaizd\u0105 ir tampa atviras visuomenei. Dabar Vilniuje atidaryta puiki, i\u0161skirtinio dizaino \u201eSaunaempire\u201c garin\u0117 pirtis-pramog\u0173 kompleksas. Siekiame klientams pateikti auk\u0161\u010diausios kokyb\u0117s ir i\u0161skirtinio dizaino Rom\u0117ni\u0161kos pirties atmosfer\u0105. Aplinkos interjeras senov\u0117s Rom\u0117n\u0173 motyvai \u2013 dekoruotas marmuras. Nuo seno \u017einomas marmuro poveikis sveikatai itin vertinamas [&hellip;]<\/p>","protected":false},"author":1,"featured_media":0,"parent":0,"menu_order":0,"comment_status":"closed","ping_status":"closed","template":"","meta":{"footnotes":""},"class_list":["post-8","page","type-page","status-publish","hentry"],"_links":{"self":[{"href":"https:\/\/saunaempire.lt\/ru\/wp-json\/wp\/v2\/pages\/8","targetHints":{"allow":["GET"]}}],"collection":[{"href":"https:\/\/saunaempire.lt\/ru\/wp-json\/wp\/v2\/pages"}],"about":[{"href":"https:\/\/saunaempire.lt\/ru\/wp-json\/wp\/v2\/types\/page"}],"author":[{"embeddable":true,"href":"https:\/\/saunaempire.lt\/ru\/wp-json\/wp\/v2\/users\/1"}],"replies":[{"embeddable":true,"href":"https:\/\/saunaempire.lt\/ru\/wp-json\/wp\/v2\/comments?post=8"}],"version-history":[{"count":0,"href":"https:\/\/saunaempire.lt\/ru\/wp-json\/wp\/v2\/pages\/8\/revisions"}],"wp:attachment":[{"href":"https:\/\/saunaempire.lt\/ru\/wp-json\/wp\/v2\/media?parent=8"}],"curies":[{"name":"wp","href":"https:\/\/api.w.org\/{rel}","templated":true}]}}