{"id":635,"date":"2024-12-09T08:31:57","date_gmt":"2024-12-09T08:31:57","guid":{"rendered":"https:\/\/saunaempire.lt\/?page_id=635"},"modified":"2024-12-09T11:24:50","modified_gmt":"2024-12-09T11:24:50","slug":"baras","status":"publish","type":"page","link":"https:\/\/saunaempire.lt\/ru\/baras\/","title":{"rendered":"Baras"},"content":{"rendered":"<div data-elementor-type=\"wp-page\" data-elementor-id=\"635\" class=\"elementor elementor-635\" data-elementor-post-type=\"page\">\n\t\t\t\t<div class=\"elementor-element elementor-element-484ef41 e-flex e-con-boxed e-con e-parent\" data-id=\"484ef41\" data-element_type=\"container\" data-settings=\"{&quot;background_background&quot;:&quot;classic&quot;}\">\n\t\t\t\t\t<div class=\"e-con-inner\">\n\t\t<div class=\"elementor-element elementor-element-877260c e-con-full e-flex e-con e-child\" data-id=\"877260c\" data-element_type=\"container\">\n\t\t<div class=\"elementor-element elementor-element-b105cef e-con-full e-flex e-con e-child\" data-id=\"b105cef\" data-element_type=\"container\">\n\t\t\t\t<div class=\"elementor-element elementor-element-5a1294d elementor-widget elementor-widget-heading\" data-id=\"5a1294d\" data-element_type=\"widget\" data-widget_type=\"heading.default\">\n\t\t\t\t\t<h1 class=\"elementor-heading-title elementor-size-default\">Nuomojamas baras Vilniuje - Alabama pub!<\/h1>\t\t\t\t<\/div>\n\t\t\t\t<\/div>\n\t\t<div class=\"elementor-element elementor-element-7a31cf2 e-con-full e-flex e-con e-child\" data-id=\"7a31cf2\" data-element_type=\"container\">\n\t\t\t\t<div class=\"elementor-element elementor-element-2c298e1 elementor-widget elementor-widget-html\" data-id=\"2c298e1\" data-element_type=\"widget\" data-widget_type=\"html.default\">\n\t\t\t\t\t<a class=\"back\" href=\"javascript:history.go(-1);\">\u2190<\/a>\t\t\t\t<\/div>\n\t\t\t\t<\/div>\n\t\t\t\t<\/div>\n\t\t<div class=\"elementor-element elementor-element-bee2f1d e-con-full e-flex e-con e-child\" data-id=\"bee2f1d\" data-element_type=\"container\">\n\t\t<div class=\"elementor-element elementor-element-b6c9164 e-con-full e-flex e-con e-child\" data-id=\"b6c9164\" data-element_type=\"container\">\n\t\t\t\t<div class=\"elementor-element elementor-element-1984122 elementor-widget elementor-widget-text-editor\" data-id=\"1984122\" data-element_type=\"widget\" data-widget_type=\"text-editor.default\">\n\t\t\t\t\t\t\t\t\t<p>Vilniuje, Laisv\u0117s pr. 88, \u012fsik\u016br\u0119s <strong>Alabama Pub<\/strong> \u2013 tai erdv\u0117, kurioje galite organizuoti \u012fvairias \u0161ventes ir renginius. Baras pritaikytas tiek ma\u017eoms, tiek didesn\u0117ms grup\u0117ms, o jame esanti \u012franga u\u017etikrins, kad viskas vykt\u0173 skland\u017eiai.<\/p><p>Baras puikiai tinka:<\/p><ul><li>Gimtadieniams, jubiliejams, krik\u0161tynoms.<\/li><li>\u012emoni\u0173 renginiams: seminarams, konferencijoms ar komandos vakarams.<\/li><li>Mergvakariams, bernvakariams.<\/li><li>Student\u0173 ar priva\u010dioms vakar\u0117liams.<\/li><\/ul><p>Baro erdv\u0117je yra <strong>40 s\u0117dim\u0173 viet\u0173<\/strong>, moderni garso sistema ir ap\u0161vietimas, kurie leis sukurti reikiam\u0105 atmosfer\u0105. Nuomos kaina \u2013 <strong>500 \u20ac visam vakarui<\/strong> (nuo <strong>22:00 iki 5:00 ryto<\/strong>).<\/p><p>Jeigu ie\u0161kote paprastos, jaukios vietos su visais patogumais, kur galima praleisti vakar\u0105 su draugais ar kolegomis \u2013 <strong>Alabama Pub<\/strong> yra kaip tik jums.<br \/><br \/>Susisiekti: <a href=\"tel:+37069463594\">+370 6946 3594<\/a><\/p>\t\t\t\t\t\t\t\t<\/div>\n\t\t<div class=\"elementor-element elementor-element-aa0961e e-con-full e-flex e-con e-child\" data-id=\"aa0961e\" data-element_type=\"container\">\n\t\t\t\t<div class=\"elementor-element elementor-element-4f0439d elementor-widget elementor-widget-ucaddon_uc_tiles_columns_image\" data-id=\"4f0439d\" data-element_type=\"widget\" data-widget_type=\"ucaddon_uc_tiles_columns_image.default\">\n\t\t\t\t<div class=\"elementor-widget-container\">\n\t\t\t\t\t\n<!-- start Masonry Gallery -->\n\t\t<link id='unitegallery-css' href='https:\/\/saunaempire.lt\/wp-content\/plugins\/unlimited-elements-for-elementor-premium\/assets_libraries\/unitegallery\/css\/unite-gallery.css' type='text\/css' rel='stylesheet' >\n\t\t<link id='uc_ac_assets_file_uc_columns_unite_gallery_css_37416-css' href='https:\/\/saunaempire.lt\/wp-content\/uploads\/ac_assets\/uc_tiles_columns_image\/uc-columns-unite-gallery.css' type='text\/css' rel='stylesheet' >\n\n<style>\/* widget: Masonry Gallery *\/\n\n\n#wrapperuc_uc_tiles_columns_image_elementor_4f0439d\n{\n  min-height:1px;\n}\n\n<\/style>\n\n<div id=\"wrapperuc_uc_tiles_columns_image_elementor_4f0439d\">\n<div id=\"uc_uc_tiles_columns_image_elementor_4f0439d\" style=\"display:none;\" class=\"uc-items-wrapper\" data-custom-sethtml=\"true\" >\n\n\n<img decoding=\"async\" alt=\"amerikietiski-numeriai-dekoras\"\n   src=\"https:\/\/saunaempire.lt\/wp-content\/uploads\/2024\/12\/amerikietiski-numeriai-dekoras.jpg\"\n    data-image=\"https:\/\/saunaempire.lt\/wp-content\/uploads\/2024\/12\/amerikietiski-numeriai-dekoras.jpg\"\n    data-title=\"amerikietiski-numeriai-dekoras\">\n\n<img decoding=\"async\" alt=\"baras-stiklines-barmeno-stotis\"\n   src=\"https:\/\/saunaempire.lt\/wp-content\/uploads\/2024\/12\/baras-stiklines-barmeno-stotis.jpg\"\n    data-image=\"https:\/\/saunaempire.lt\/wp-content\/uploads\/2024\/12\/baras-stiklines-barmeno-stotis.jpg\"\n    data-title=\"baras-stiklines-barmeno-stotis\">\n\n<img decoding=\"async\" alt=\"groteles-apsvietimas-interjeras\"\n   src=\"https:\/\/saunaempire.lt\/wp-content\/uploads\/2024\/12\/groteles-apsvietimas-interjeras.jpg\"\n    data-image=\"https:\/\/saunaempire.lt\/wp-content\/uploads\/2024\/12\/groteles-apsvietimas-interjeras.jpg\"\n    data-title=\"groteles-apsvietimas-interjeras\">\n\n<img decoding=\"async\" alt=\"logotipas-isore\"\n   src=\"https:\/\/saunaempire.lt\/wp-content\/uploads\/2024\/12\/logotipas-isore.jpg\"\n    data-image=\"https:\/\/saunaempire.lt\/wp-content\/uploads\/2024\/12\/logotipas-isore.jpg\"\n    data-title=\"logotipas-isore\">\n\n<img decoding=\"async\" alt=\"vidus-stalai-baras\"\n   src=\"https:\/\/saunaempire.lt\/wp-content\/uploads\/2024\/12\/vidus-stalai-baras.jpg\"\n    data-image=\"https:\/\/saunaempire.lt\/wp-content\/uploads\/2024\/12\/vidus-stalai-baras.jpg\"\n    data-title=\"vidus-stalai-baras\">\n\n  \n<\/div>\n<\/div>\n<!-- end Masonry Gallery -->\t\t\t\t<\/div>\n\t\t\t\t<\/div>\n\t\t\t\t<\/div>\n\t\t\t\t<\/div>\n\t\t\t\t<\/div>\n\t\t\t\t\t<\/div>\n\t\t\t\t<\/div>\n\t\t\t\t<\/div>","protected":false},"excerpt":{"rendered":"<p>Nuomojamas baras Vilniuje &#8211; Alabama pub! \u2190 Vilniuje, Laisv\u0117s pr. 88, \u012fsik\u016br\u0119s Alabama Pub \u2013 tai erdv\u0117, kurioje galite organizuoti \u012fvairias \u0161ventes ir renginius. Baras pritaikytas tiek ma\u017eoms, tiek didesn\u0117ms grup\u0117ms, o jame esanti \u012franga u\u017etikrins, kad viskas vykt\u0173 skland\u017eiai. Baras puikiai tinka: Gimtadieniams, jubiliejams, krik\u0161tynoms. \u012emoni\u0173 renginiams: seminarams, konferencijoms ar komandos vakarams. Mergvakariams, bernvakariams. [&hellip;]<\/p>","protected":false},"author":1,"featured_media":0,"parent":0,"menu_order":0,"comment_status":"closed","ping_status":"closed","template":"","meta":{"footnotes":""},"class_list":["post-635","page","type-page","status-publish","hentry"],"_links":{"self":[{"href":"https:\/\/saunaempire.lt\/ru\/wp-json\/wp\/v2\/pages\/635","targetHints":{"allow":["GET"]}}],"collection":[{"href":"https:\/\/saunaempire.lt\/ru\/wp-json\/wp\/v2\/pages"}],"about":[{"href":"https:\/\/saunaempire.lt\/ru\/wp-json\/wp\/v2\/types\/page"}],"author":[{"embeddable":true,"href":"https:\/\/saunaempire.lt\/ru\/wp-json\/wp\/v2\/users\/1"}],"replies":[{"embeddable":true,"href":"https:\/\/saunaempire.lt\/ru\/wp-json\/wp\/v2\/comments?post=635"}],"version-history":[{"count":0,"href":"https:\/\/saunaempire.lt\/ru\/wp-json\/wp\/v2\/pages\/635\/revisions"}],"wp:attachment":[{"href":"https:\/\/saunaempire.lt\/ru\/wp-json\/wp\/v2\/media?parent=635"}],"curies":[{"name":"wp","href":"https:\/\/api.w.org\/{rel}","templated":true}]}}