{"id":31,"date":"2024-10-29T07:38:15","date_gmt":"2024-10-29T07:38:15","guid":{"rendered":"https:\/\/saunaempire.lt\/?page_id=31"},"modified":"2024-11-04T22:15:53","modified_gmt":"2024-11-04T22:15:53","slug":"susisiekti","status":"publish","type":"page","link":"https:\/\/saunaempire.lt\/ru\/susisiekti\/","title":{"rendered":"K\u043e\u043d\u0442\u0430\u043a\u0442\u044b"},"content":{"rendered":"<div data-elementor-type=\"wp-page\" data-elementor-id=\"31\" class=\"elementor elementor-31\" data-elementor-post-type=\"page\">\n\t\t\t\t<div class=\"elementor-element elementor-element-502854c e-flex e-con-boxed e-con e-parent\" data-id=\"502854c\" data-element_type=\"container\" data-settings=\"{&quot;background_background&quot;:&quot;classic&quot;}\">\n\t\t\t\t\t<div class=\"e-con-inner\">\n\t\t<div class=\"elementor-element elementor-element-4b618e1 e-con-full e-flex e-con e-child\" data-id=\"4b618e1\" data-element_type=\"container\">\n\t\t<div class=\"elementor-element elementor-element-6d0ae6e e-con-full e-flex e-con e-child\" data-id=\"6d0ae6e\" data-element_type=\"container\">\n\t\t\t\t<div class=\"elementor-element elementor-element-e267638 elementor-widget elementor-widget-heading\" data-id=\"e267638\" data-element_type=\"widget\" data-widget_type=\"heading.default\">\n\t\t\t\t\t<h3 class=\"elementor-heading-title elementor-size-default\">Sauna Empire<\/h3>\t\t\t\t<\/div>\n\t\t\t\t<\/div>\n\t\t<div class=\"elementor-element elementor-element-70763df e-con-full e-flex e-con e-child\" data-id=\"70763df\" data-element_type=\"container\">\n\t\t\t\t<div class=\"elementor-element elementor-element-0fcaaf3 elementor-widget elementor-widget-html\" data-id=\"0fcaaf3\" data-element_type=\"widget\" data-widget_type=\"html.default\">\n\t\t\t\t\t<a class=\"back\" href=\"javascript:history.go(-1);\">\u2190<\/a>\t\t\t\t<\/div>\n\t\t\t\t<\/div>\n\t\t\t\t<\/div>\n\t\t<div class=\"elementor-element elementor-element-a26f79b e-con-full e-flex e-con e-child\" data-id=\"a26f79b\" data-element_type=\"container\">\n\t\t<div class=\"elementor-element elementor-element-3f1bdd2 e-con-full e-flex e-con e-child\" data-id=\"3f1bdd2\" data-element_type=\"container\">\n\t\t\t\t<div class=\"elementor-element elementor-element-c9d312a elementor-widget elementor-widget-text-editor\" data-id=\"c9d312a\" data-element_type=\"widget\" data-widget_type=\"text-editor.default\">\n\t\t\t\t\t\t\t\t\t<p><strong>\u0442\u0435\u043b.: <a href=\"tel:+37069463594\">+370 6946 3594<\/a><\/strong><\/p><p><em><strong>\u0410\u0434\u0440\u0435\u0441: <\/strong><a href=\"https:\/\/maps.app.goo.gl\/Doawo4mtnshKULLHA\" target=\"_blank\" rel=\"noopener\">Laisv\u0117s pr. 88, Vilnius LT-06125<\/a><br \/><\/em><\/p><div><div><p>\u00a0<\/p><p><strong>\u0420\u0410\u0411\u041e\u0427\u0415\u0415 \u0412\u0420\u0415\u041c\u042f:<\/strong><\/p><\/div><div><em>I-VII \u043f\u043e \u043f\u0440\u0435\u0434\u0432\u0430\u0440\u0438\u0442\u0435\u043b\u044c\u043d\u043e\u0439 \u0434\u043e\u0433\u043e\u0432\u043e\u0440\u0435\u043d\u043d\u043e\u0441\u0442\u0438<\/em><\/div><\/div>\t\t\t\t\t\t\t\t<\/div>\n\t\t\t\t<\/div>\n\t\t<div class=\"elementor-element elementor-element-489234b e-con-full e-flex e-con e-child\" data-id=\"489234b\" data-element_type=\"container\">\n\t\t\t\t<div class=\"elementor-element elementor-element-fa1a72a elementor-button-align-end elementor-widget elementor-widget-form\" data-id=\"fa1a72a\" data-element_type=\"widget\" data-settings=\"{&quot;step_next_label&quot;:&quot;Next&quot;,&quot;step_previous_label&quot;:&quot;Previous&quot;,&quot;button_width&quot;:&quot;100&quot;,&quot;step_type&quot;:&quot;number_text&quot;,&quot;step_icon_shape&quot;:&quot;circle&quot;}\" data-widget_type=\"form.default\">\n\t\t\t\t\t\t\t<form class=\"elementor-form\" method=\"post\" name=\"Uzsakymo Forma\" aria-label=\"Uzsakymo Forma\" action=\"\">\n\t\t\t<input type=\"hidden\" name=\"post_id\" value=\"31\"\/>\n\t\t\t<input type=\"hidden\" name=\"form_id\" value=\"fa1a72a\"\/>\n\t\t\t<input type=\"hidden\" name=\"referer_title\" value=\"Susisiekti\" \/>\n\n\t\t\t\t\t\t\t<input type=\"hidden\" name=\"queried_id\" value=\"31\"\/>\n\t\t\t\n\t\t\t<div class=\"elementor-form-fields-wrapper elementor-labels-\">\n\t\t\t\t\t\t\t\t<div class=\"elementor-field-type-text elementor-field-group elementor-column elementor-field-group-name elementor-col-100\">\n\t\t\t\t\t\t\t\t\t\t\t\t\t<input size=\"1\" type=\"text\" name=\"form_fields[name]\" id=\"form-field-name\" class=\"elementor-field elementor-size-sm  elementor-field-textual\" placeholder=\"\u0438\u043c\u044f\">\n\t\t\t\t\t\t\t\t\t\t\t<\/div>\n\t\t\t\t\t\t\t\t<div class=\"elementor-field-type-text elementor-field-group elementor-column elementor-field-group-field_b6e49f0 elementor-col-100 elementor-field-required\">\n\t\t\t\t\t\t\t\t\t\t\t\t\t<input size=\"1\" type=\"text\" name=\"form_fields[field_b6e49f0]\" id=\"form-field-field_b6e49f0\" class=\"elementor-field elementor-size-sm  elementor-field-textual\" placeholder=\"\u0422\u0435\u043b\u0435\u0444\u043e\u043d*\" required=\"required\">\n\t\t\t\t\t\t\t\t\t\t\t<\/div>\n\t\t\t\t\t\t\t\t<div class=\"elementor-field-type-email elementor-field-group elementor-column elementor-field-group-email elementor-col-100 elementor-field-required\">\n\t\t\t\t\t\t\t\t\t\t\t\t\t<input size=\"1\" type=\"email\" name=\"form_fields[email]\" id=\"form-field-email\" class=\"elementor-field elementor-size-sm  elementor-field-textual\" placeholder=\"\u042d\u043b\u0435\u043a\u0442\u0440\u043e\u043d\u043d\u043e\u0435 \u043f\u0438\u0441\u044c\u043c\u043e*\" required=\"required\">\n\t\t\t\t\t\t\t\t\t\t\t<\/div>\n\t\t\t\t\t\t\t\t<div class=\"elementor-field-type-textarea elementor-field-group elementor-column elementor-field-group-message elementor-col-100\">\n\t\t\t\t\t<textarea class=\"elementor-field-textual elementor-field  elementor-size-sm\" name=\"form_fields[message]\" id=\"form-field-message\" rows=\"4\" placeholder=\"\u0421\u043e\u043e\u0431\u0449\u0435\u043d\u0438\u0435 *\"><\/textarea>\t\t\t\t<\/div>\n\t\t\t\t\t\t\t\t<div class=\"elementor-field-group elementor-column elementor-field-type-submit elementor-col-100 e-form__buttons\">\n\t\t\t\t\t<button class=\"elementor-button elementor-size-sm\" type=\"submit\">\n\t\t\t\t\t\t<span class=\"elementor-button-content-wrapper\">\n\t\t\t\t\t\t\t\t\t\t\t\t\t\t\t\t\t\t\t\t\t\t<span class=\"elementor-button-text\">\u041e\u0442\u043f\u0440\u0430\u0432\u0438\u0442\u044c<\/span>\n\t\t\t\t\t\t\t\t\t\t\t\t\t<\/span>\n\t\t\t\t\t<\/button>\n\t\t\t\t<\/div>\n\t\t\t<\/div>\n\t\t<input type=\"hidden\" name=\"trp-form-language\" value=\"ru\"\/><\/form>\n\t\t\t\t\t\t<\/div>\n\t\t\t\t<\/div>\n\t\t\t\t<\/div>\n\t\t\t\t\t<\/div>\n\t\t\t\t<\/div>\n\t\t\t\t<\/div>","protected":false},"excerpt":{"rendered":"<p>Sauna Empire \u2190 Mob.: +370 6946 3594 Adresas: Laisv\u0117s pr. 88, Vilnius LT-06125 \u00a0 DARBO LAIKAS: I-VII pagal i\u0161ankstin\u012f u\u017esakym\u0105<\/p>","protected":false},"author":1,"featured_media":0,"parent":0,"menu_order":0,"comment_status":"closed","ping_status":"closed","template":"","meta":{"footnotes":""},"class_list":["post-31","page","type-page","status-publish","hentry"],"_links":{"self":[{"href":"https:\/\/saunaempire.lt\/ru\/wp-json\/wp\/v2\/pages\/31","targetHints":{"allow":["GET"]}}],"collection":[{"href":"https:\/\/saunaempire.lt\/ru\/wp-json\/wp\/v2\/pages"}],"about":[{"href":"https:\/\/saunaempire.lt\/ru\/wp-json\/wp\/v2\/types\/page"}],"author":[{"embeddable":true,"href":"https:\/\/saunaempire.lt\/ru\/wp-json\/wp\/v2\/users\/1"}],"replies":[{"embeddable":true,"href":"https:\/\/saunaempire.lt\/ru\/wp-json\/wp\/v2\/comments?post=31"}],"version-history":[{"count":0,"href":"https:\/\/saunaempire.lt\/ru\/wp-json\/wp\/v2\/pages\/31\/revisions"}],"wp:attachment":[{"href":"https:\/\/saunaempire.lt\/ru\/wp-json\/wp\/v2\/media?parent=31"}],"curies":[{"name":"wp","href":"https:\/\/api.w.org\/{rel}","templated":true}]}}