{"id":29,"date":"2024-10-29T07:37:50","date_gmt":"2024-10-29T07:37:50","guid":{"rendered":"https:\/\/saunaempire.lt\/?page_id=29"},"modified":"2024-11-03T17:57:01","modified_gmt":"2024-11-03T17:57:01","slug":"kiti-privalumai","status":"publish","type":"page","link":"https:\/\/saunaempire.lt\/ru\/kiti-privalumai\/","title":{"rendered":"\u0434\u0440\u0443\u0433\u0438\u0435 \u0443\u0441\u043b\u0443\u0433\u0438"},"content":{"rendered":"<div data-elementor-type=\"wp-page\" data-elementor-id=\"29\" class=\"elementor elementor-29\" data-elementor-post-type=\"page\">\n\t\t\t\t<div class=\"elementor-element elementor-element-a3b3cbd e-flex e-con-boxed e-con e-parent\" data-id=\"a3b3cbd\" data-element_type=\"container\" data-settings=\"{&quot;background_background&quot;:&quot;classic&quot;}\">\n\t\t\t\t\t<div class=\"e-con-inner\">\n\t\t<div class=\"elementor-element elementor-element-06515df e-con-full e-flex e-con e-child\" data-id=\"06515df\" data-element_type=\"container\">\n\t\t<div class=\"elementor-element elementor-element-ddafd4f e-con-full e-flex e-con e-child\" data-id=\"ddafd4f\" data-element_type=\"container\">\n\t\t\t\t<div class=\"elementor-element elementor-element-a9a5b0e elementor-widget elementor-widget-heading\" data-id=\"a9a5b0e\" data-element_type=\"widget\" data-widget_type=\"heading.default\">\n\t\t\t\t\t<h1 class=\"elementor-heading-title elementor-size-default\">\u0434\u0440\u0443\u0433\u0438\u0435 \u0443\u0441\u043b\u0443\u0433\u0438<\/h1>\t\t\t\t<\/div>\n\t\t\t\t<\/div>\n\t\t<div class=\"elementor-element elementor-element-0fde22f e-con-full e-flex e-con e-child\" data-id=\"0fde22f\" data-element_type=\"container\">\n\t\t\t\t<div class=\"elementor-element elementor-element-c844a6d elementor-widget elementor-widget-html\" data-id=\"c844a6d\" data-element_type=\"widget\" data-widget_type=\"html.default\">\n\t\t\t\t\t<a class=\"back\" href=\"javascript:history.go(-1);\">\u2190<\/a>\t\t\t\t<\/div>\n\t\t\t\t<\/div>\n\t\t\t\t<\/div>\n\t\t<div class=\"elementor-element elementor-element-48431d1 e-con-full e-flex e-con e-child\" data-id=\"48431d1\" data-element_type=\"container\">\n\t\t<div class=\"elementor-element elementor-element-61d631c e-con-full e-flex e-con e-child\" data-id=\"61d631c\" data-element_type=\"container\">\n\t\t\t\t<div class=\"elementor-element elementor-element-80accd5 elementor-widget elementor-widget-text-editor\" data-id=\"80accd5\" data-element_type=\"widget\" data-widget_type=\"text-editor.default\">\n\t\t\t\t\t\t\t\t\t<ul><li><em>\u0411\u0435\u0441\u043f\u043b\u0430\u0442\u043d\u0430\u044f \u043f\u0430\u0440\u043a\u043e\u0432\u043a\u0430.<br \/><\/em><\/li><li><em>\u0410\u0440\u0435\u043d\u0434\u0430 \u0430\u0432\u0442\u043e\u043c\u043e\u0431\u0438\u043b\u044f.<br \/><\/em><\/li><li class=\"translation-block\"><em>\u0412 \u0440\u0435\u0441\u0442\u043e\u0440\u0430\u043d\u0435 \u0435\u0441\u0442\u044c \u0434\u0435\u0442\u0441\u043a\u0430\u044f \u0438\u0433\u0440\u043e\u0432\u0430\u044f \u043a\u043e\u043c\u043d\u0430\u0442\u0430 \u0438 \u0430\u0442\u0442\u0440\u0430\u043a\u0446\u0438\u043e\u043d\u044b.\n<\/em><br><a href=\"https:\/\/www.nykstukupasaulis.lt\/\" target=\"_blank\" rel=\"noopener\">www.nykstukupasaulis.lt<\/a><\/li><\/ul>\t\t\t\t\t\t\t\t<\/div>\n\t\t\t\t<\/div>\n\t\t\t\t<\/div>\n\t\t\t\t\t<\/div>\n\t\t\t\t<\/div>\n\t\t\t\t<\/div>","protected":false},"excerpt":{"rendered":"<p>\u2190 Nemokama automobili\u0173 stov\u0117jimo aik\u0161tel\u0117. Automobilio nuoma. Restorane veikia vaik\u0173 \u017eaidim\u0173 kambarys,atrakcionai -laipyn\u0117swww.nykstukupasaulis.lt<\/p>","protected":false},"author":1,"featured_media":0,"parent":0,"menu_order":0,"comment_status":"closed","ping_status":"closed","template":"","meta":{"footnotes":""},"class_list":["post-29","page","type-page","status-publish","hentry"],"_links":{"self":[{"href":"https:\/\/saunaempire.lt\/ru\/wp-json\/wp\/v2\/pages\/29","targetHints":{"allow":["GET"]}}],"collection":[{"href":"https:\/\/saunaempire.lt\/ru\/wp-json\/wp\/v2\/pages"}],"about":[{"href":"https:\/\/saunaempire.lt\/ru\/wp-json\/wp\/v2\/types\/page"}],"author":[{"embeddable":true,"href":"https:\/\/saunaempire.lt\/ru\/wp-json\/wp\/v2\/users\/1"}],"replies":[{"embeddable":true,"href":"https:\/\/saunaempire.lt\/ru\/wp-json\/wp\/v2\/comments?post=29"}],"version-history":[{"count":0,"href":"https:\/\/saunaempire.lt\/ru\/wp-json\/wp\/v2\/pages\/29\/revisions"}],"wp:attachment":[{"href":"https:\/\/saunaempire.lt\/ru\/wp-json\/wp\/v2\/media?parent=29"}],"curies":[{"name":"wp","href":"https:\/\/api.w.org\/{rel}","templated":true}]}}