{"id":23,"date":"2024-10-29T07:35:59","date_gmt":"2024-10-29T07:35:59","guid":{"rendered":"https:\/\/saunaempire.lt\/?page_id=23"},"modified":"2024-11-03T18:22:02","modified_gmt":"2024-11-03T18:22:02","slug":"hidromasazine-sukurine-vonia-jacuzzi","status":"publish","type":"page","link":"https:\/\/saunaempire.lt\/ru\/paslaugos\/hidromasazine-sukurine-vonia-jacuzzi\/","title":{"rendered":"\u0413\u0438\u0434\u0440\u043e\u043c\u0430\u0441\u0441\u0430\u0436\u043d\u0430\u044f \u0432\u0430\u043d\u043d\u0430-\u0434\u0436\u0430\u043a\u0443\u0437\u0438"},"content":{"rendered":"<div data-elementor-type=\"wp-page\" data-elementor-id=\"23\" class=\"elementor elementor-23\" data-elementor-post-type=\"page\">\n\t\t\t\t<div class=\"elementor-element elementor-element-3e4efe5 e-flex e-con-boxed e-con e-parent\" data-id=\"3e4efe5\" data-element_type=\"container\" data-settings=\"{&quot;background_background&quot;:&quot;classic&quot;}\">\n\t\t\t\t\t<div class=\"e-con-inner\">\n\t\t<div class=\"elementor-element elementor-element-7a79181 e-con-full e-flex e-con e-child\" data-id=\"7a79181\" data-element_type=\"container\">\n\t\t<div class=\"elementor-element elementor-element-bb9dd9f e-con-full e-flex e-con e-child\" data-id=\"bb9dd9f\" data-element_type=\"container\">\n\t\t\t\t<div class=\"elementor-element elementor-element-a04f78c elementor-widget elementor-widget-heading\" data-id=\"a04f78c\" data-element_type=\"widget\" data-widget_type=\"heading.default\">\n\t\t\t\t\t<h1 class=\"elementor-heading-title elementor-size-default\">\u0413\u0438\u0434\u0440\u043e\u043c\u0430\u0441\u0441\u0430\u0436\u043d\u0430\u044f \u0432\u0430\u043d\u043d\u0430-\u0434\u0436\u0430\u043a\u0443\u0437\u0438<\/h1>\t\t\t\t<\/div>\n\t\t\t\t<\/div>\n\t\t<div class=\"elementor-element elementor-element-639938f e-con-full e-flex e-con e-child\" data-id=\"639938f\" data-element_type=\"container\">\n\t\t\t\t<div class=\"elementor-element elementor-element-52167b2 elementor-widget elementor-widget-html\" data-id=\"52167b2\" data-element_type=\"widget\" data-widget_type=\"html.default\">\n\t\t\t\t\t<a class=\"back\" href=\"javascript:history.go(-1);\">\u2190<\/a>\t\t\t\t<\/div>\n\t\t\t\t<\/div>\n\t\t\t\t<\/div>\n\t\t<div class=\"elementor-element elementor-element-736b1a8 e-con-full e-flex e-con e-child\" data-id=\"736b1a8\" data-element_type=\"container\">\n\t\t<div class=\"elementor-element elementor-element-3d5a483 e-con-full e-flex e-con e-child\" data-id=\"3d5a483\" data-element_type=\"container\">\n\t\t\t\t<div class=\"elementor-element elementor-element-091fae8 elementor-widget elementor-widget-text-editor\" data-id=\"091fae8\" data-element_type=\"widget\" data-widget_type=\"text-editor.default\">\n\t\t\t\t\t\t\t\t\t<div class=\"product_cont\"><div class=\"data  aright\"><div class=\"descr\"><p class=\"translation-block\">7 \u0441\u0438\u0434\u044f\u0447\u0438\u0445 \u043c\u0435\u0441\u0442 \u0438\u0437 \u043f\u043e\u0434\u043e\u0433\u0440\u0435\u0432\u0430\u0435\u043c\u043e\u0433\u043e \u043c\u0440\u0430\u043c\u043e\u0440\u0430 \u0443 \u0443\u044e\u0442\u043d\u043e\u0433\u043e \u043c\u0440\u0430\u043c\u043e\u0440\u043d\u043e\u0433\u043e \u0441\u0442\u043e\u043b\u0430.<br>\n8 \u043c\u0435\u0441\u0442 \u0441 \u0432\u043e\u0437\u0434\u0443\u0448\u043d\u043e-\u0432\u043e\u0434\u044f\u043d\u044b\u043c\u0438 \u0444\u043e\u0440\u0441\u0443\u043d\u043a\u0430\u043c\u0438 \u0432 \u0432\u0430\u043d\u043d\u0435 \u0438\u0437 \u0437\u0435\u043b\u0435\u043d\u043e\u0433\u043e \u043c\u0440\u0430\u043c\u043e\u0440\u0430.<br>\n\u0426\u0432\u0435\u0442\u043d\u0430\u044f LED \u043f\u043e\u0434\u0441\u0432\u0435\u0442\u043a\u0430.<\/p><\/div><\/div><div class=\"wrapper\">\u00a0<\/div><\/div>\t\t\t\t\t\t\t\t<\/div>\n\t\t\t\t<\/div>\n\t\t<div class=\"elementor-element elementor-element-4e900ef e-con-full e-flex e-con e-child\" data-id=\"4e900ef\" data-element_type=\"container\">\n\t\t\t\t<div class=\"elementor-element elementor-element-2ef740d elementor-widget elementor-widget-ucaddon_uc_tiles_columns_image\" data-id=\"2ef740d\" data-element_type=\"widget\" data-widget_type=\"ucaddon_uc_tiles_columns_image.default\">\n\t\t\t\t<div class=\"elementor-widget-container\">\n\t\t\t\t\t\n<!-- start Masonry Gallery -->\n\t\t<link id='unitegallery-css' href='https:\/\/saunaempire.lt\/wp-content\/plugins\/unlimited-elements-for-elementor-premium\/assets_libraries\/unitegallery\/css\/unite-gallery.css' type='text\/css' rel='stylesheet' >\n\t\t<link id='uc_ac_assets_file_uc_columns_unite_gallery_css_37416-css' href='https:\/\/saunaempire.lt\/wp-content\/uploads\/ac_assets\/uc_tiles_columns_image\/uc-columns-unite-gallery.css' type='text\/css' rel='stylesheet' >\n\n<style>\/* widget: Masonry Gallery *\/\n\n\n#wrapperuc_uc_tiles_columns_image_elementor_2ef740d\n{\n  min-height:1px;\n}\n\n<\/style>\n\n<div id=\"wrapperuc_uc_tiles_columns_image_elementor_2ef740d\">\n<div id=\"uc_uc_tiles_columns_image_elementor_2ef740d\" style=\"display:none;\" class=\"uc-items-wrapper\" data-custom-sethtml=\"true\" >\n\n\n<img decoding=\"async\" alt=\"product_10_3\"\n   src=\"https:\/\/saunaempire.lt\/wp-content\/uploads\/2024\/10\/product_10_3-768x512.jpg\"\n    data-image=\"https:\/\/saunaempire.lt\/wp-content\/uploads\/2024\/10\/product_10_3-1024x683.jpg\"\n    data-title=\"product_10_3\">\n\n<img decoding=\"async\" alt=\"product_10_4\"\n   src=\"https:\/\/saunaempire.lt\/wp-content\/uploads\/2024\/10\/product_10_4-768x512.jpg\"\n    data-image=\"https:\/\/saunaempire.lt\/wp-content\/uploads\/2024\/10\/product_10_4-1024x683.jpg\"\n    data-title=\"product_10_4\">\n\n<img decoding=\"async\" alt=\"product_10_1\"\n   src=\"https:\/\/saunaempire.lt\/wp-content\/uploads\/2024\/10\/product_10_1-768x1152.jpg\"\n    data-image=\"https:\/\/saunaempire.lt\/wp-content\/uploads\/2024\/10\/product_10_1-683x1024.jpg\"\n    data-title=\"product_10_1\">\n\n  \n<\/div>\n<\/div>\n<!-- end Masonry Gallery -->\t\t\t\t<\/div>\n\t\t\t\t<\/div>\n\t\t\t\t<\/div>\n\t\t\t\t<\/div>\n\t\t\t\t\t<\/div>\n\t\t\t\t<\/div>\n\t\t\t\t<\/div>","protected":false},"excerpt":{"rendered":"<p>\u2190 7 s\u0117dimos \u0161ildomo marmuro vietos prie jaukaus marmurinio stalo.8 viet\u0173 su oro-vandens purk\u0161tukais \u017ealio marmuro vonioje.Spalvotas LED ap\u0161vietimas. \u00a0<\/p>","protected":false},"author":1,"featured_media":0,"parent":15,"menu_order":0,"comment_status":"closed","ping_status":"closed","template":"","meta":{"footnotes":""},"class_list":["post-23","page","type-page","status-publish","hentry"],"_links":{"self":[{"href":"https:\/\/saunaempire.lt\/ru\/wp-json\/wp\/v2\/pages\/23","targetHints":{"allow":["GET"]}}],"collection":[{"href":"https:\/\/saunaempire.lt\/ru\/wp-json\/wp\/v2\/pages"}],"about":[{"href":"https:\/\/saunaempire.lt\/ru\/wp-json\/wp\/v2\/types\/page"}],"author":[{"embeddable":true,"href":"https:\/\/saunaempire.lt\/ru\/wp-json\/wp\/v2\/users\/1"}],"replies":[{"embeddable":true,"href":"https:\/\/saunaempire.lt\/ru\/wp-json\/wp\/v2\/comments?post=23"}],"version-history":[{"count":0,"href":"https:\/\/saunaempire.lt\/ru\/wp-json\/wp\/v2\/pages\/23\/revisions"}],"up":[{"embeddable":true,"href":"https:\/\/saunaempire.lt\/ru\/wp-json\/wp\/v2\/pages\/15"}],"wp:attachment":[{"href":"https:\/\/saunaempire.lt\/ru\/wp-json\/wp\/v2\/media?parent=23"}],"curies":[{"name":"wp","href":"https:\/\/api.w.org\/{rel}","templated":true}]}}