{"id":21,"date":"2024-10-29T07:35:26","date_gmt":"2024-10-29T07:35:26","guid":{"rendered":"https:\/\/saunaempire.lt\/?page_id=21"},"modified":"2024-11-03T18:19:31","modified_gmt":"2024-11-03T18:19:31","slug":"banketine-sale","status":"publish","type":"page","link":"https:\/\/saunaempire.lt\/ru\/paslaugos\/banketine-sale\/","title":{"rendered":"\u0411\u0410\u041d\u041a\u0415\u0422\u041d\u042b\u0419 \u0417\u0410\u041b"},"content":{"rendered":"<div data-elementor-type=\"wp-page\" data-elementor-id=\"21\" class=\"elementor elementor-21\" data-elementor-post-type=\"page\">\n\t\t\t\t<div class=\"elementor-element elementor-element-62e1cc4 e-flex e-con-boxed e-con e-parent\" data-id=\"62e1cc4\" data-element_type=\"container\" data-settings=\"{&quot;background_background&quot;:&quot;classic&quot;}\">\n\t\t\t\t\t<div class=\"e-con-inner\">\n\t\t<div class=\"elementor-element elementor-element-da61dc6 e-con-full e-flex e-con e-child\" data-id=\"da61dc6\" data-element_type=\"container\">\n\t\t<div class=\"elementor-element elementor-element-0f42db6 e-con-full e-flex e-con e-child\" data-id=\"0f42db6\" data-element_type=\"container\">\n\t\t\t\t<div class=\"elementor-element elementor-element-e81fc67 elementor-widget elementor-widget-heading\" data-id=\"e81fc67\" data-element_type=\"widget\" data-widget_type=\"heading.default\">\n\t\t\t\t\t<h1 class=\"elementor-heading-title elementor-size-default\">\u0411\u0410\u041d\u041a\u0415\u0422\u041d\u042b\u0419 \u0417\u0410\u041b<\/h1>\t\t\t\t<\/div>\n\t\t\t\t<\/div>\n\t\t<div class=\"elementor-element elementor-element-83d5cac e-con-full e-flex e-con e-child\" data-id=\"83d5cac\" data-element_type=\"container\">\n\t\t\t\t<div class=\"elementor-element elementor-element-7dcd922 elementor-widget elementor-widget-html\" data-id=\"7dcd922\" data-element_type=\"widget\" data-widget_type=\"html.default\">\n\t\t\t\t\t<a class=\"back\" href=\"javascript:history.go(-1);\">\u2190<\/a>\t\t\t\t<\/div>\n\t\t\t\t<\/div>\n\t\t\t\t<\/div>\n\t\t<div class=\"elementor-element elementor-element-615e273 e-con-full e-flex e-con e-child\" data-id=\"615e273\" data-element_type=\"container\">\n\t\t<div class=\"elementor-element elementor-element-66ee04f e-con-full e-flex e-con e-child\" data-id=\"66ee04f\" data-element_type=\"container\">\n\t\t\t\t<div class=\"elementor-element elementor-element-890edd1 elementor-widget elementor-widget-text-editor\" data-id=\"890edd1\" data-element_type=\"widget\" data-widget_type=\"text-editor.default\">\n\t\t\t\t\t\t\t\t\t<p class=\"translation-block\">23 \u0441\u0438\u0434\u044f\u0447\u0438\u0445 \u043c\u0435\u0441\u0442\u0430 \u0432\u043e\u043a\u0440\u0443\u0433 \u043a\u0440\u0443\u0433\u043b\u043e\u0433\u043e \u0441\u0442\u043e\u043b\u0430 \u0441 \u043c\u0440\u0430\u043c\u043e\u0440\u043d\u043e\u0439 \u043c\u043e\u0437\u0430\u0438\u043a\u043e\u0439.<br>\n\u0420\u043e\u0441\u043a\u043e\u0448\u043d\u044b\u0439 \u0438\u043d\u0442\u0435\u0440\u044c\u0435\u0440 \u0438\u0437 \u043a\u0430\u043c\u043d\u044f \u0438 \u0441\u0432\u0435\u0442\u0438\u043b\u044c\u043d\u0438\u043a \u0438\u0437 \u0441\u0442\u0435\u043a\u043b\u044f\u043d\u043d\u043e\u0439 \u043c\u043e\u0437\u0430\u0438\u043a\u0438.<br>\n\u0423\u044e\u0442\u043d\u0430\u044f \u0438 \u0440\u043e\u0441\u043a\u043e\u0448\u043d\u0430\u044f \u0430\u0442\u043c\u043e\u0441\u0444\u0435\u0440\u0430.<br>\n\u0417\u0432\u0443\u043a\u043e\u0432\u0430\u044f \u0430\u043f\u043f\u0430\u0440\u0430\u0442\u0443\u0440\u0430.<br>\n\u041c\u0435\u043d\u044e \u043a\u0430\u0432\u043a\u0430\u0437\u0441\u043a\u043e\u0439 \u043a\u0443\u0445\u043d\u0438.<br>\n\u0420\u043e\u0441\u043a\u043e\u0448\u043d\u044b\u0439 \u0442\u0440\u043e\u043d \u0438\u0437 \u043c\u0430\u0441\u0441\u0438\u0432\u0430 \u0434\u0435\u0440\u0435\u0432\u0430 \u0440\u0443\u0447\u043d\u043e\u0439 \u0440\u0430\u0431\u043e\u0442\u044b.<\/p>\t\t\t\t\t\t\t\t<\/div>\n\t\t\t\t<\/div>\n\t\t<div class=\"elementor-element elementor-element-011239d e-con-full e-flex e-con e-child\" data-id=\"011239d\" data-element_type=\"container\">\n\t\t\t\t<div class=\"elementor-element elementor-element-db687ea elementor-widget elementor-widget-ucaddon_uc_tiles_columns_image\" data-id=\"db687ea\" data-element_type=\"widget\" data-widget_type=\"ucaddon_uc_tiles_columns_image.default\">\n\t\t\t\t<div class=\"elementor-widget-container\">\n\t\t\t\t\t\n<!-- start Masonry Gallery -->\n\t\t<link id='unitegallery-css' href='https:\/\/saunaempire.lt\/wp-content\/plugins\/unlimited-elements-for-elementor-premium\/assets_libraries\/unitegallery\/css\/unite-gallery.css' type='text\/css' rel='stylesheet' >\n\t\t<link id='uc_ac_assets_file_uc_columns_unite_gallery_css_37416-css' href='https:\/\/saunaempire.lt\/wp-content\/uploads\/ac_assets\/uc_tiles_columns_image\/uc-columns-unite-gallery.css' type='text\/css' rel='stylesheet' >\n\n<style>\/* widget: Masonry Gallery *\/\n\n\n#wrapperuc_uc_tiles_columns_image_elementor_db687ea\n{\n  min-height:1px;\n}\n\n<\/style>\n\n<div id=\"wrapperuc_uc_tiles_columns_image_elementor_db687ea\">\n<div id=\"uc_uc_tiles_columns_image_elementor_db687ea\" style=\"display:none;\" class=\"uc-items-wrapper\" data-custom-sethtml=\"true\" >\n\n\n<img decoding=\"async\" alt=\"product_9_4\"\n   src=\"https:\/\/saunaempire.lt\/wp-content\/uploads\/2024\/10\/product_9_4-768x1152.jpg\"\n    data-image=\"https:\/\/saunaempire.lt\/wp-content\/uploads\/2024\/10\/product_9_4-683x1024.jpg\"\n    data-title=\"product_9_4\">\n\n<img decoding=\"async\" alt=\"product_9_2\"\n   src=\"https:\/\/saunaempire.lt\/wp-content\/uploads\/2024\/10\/product_9_2-768x512.jpg\"\n    data-image=\"https:\/\/saunaempire.lt\/wp-content\/uploads\/2024\/10\/product_9_2-1024x683.jpg\"\n    data-title=\"product_9_2\">\n\n<img decoding=\"async\" alt=\"product_9_1\"\n   src=\"https:\/\/saunaempire.lt\/wp-content\/uploads\/2024\/10\/product_9_1-768x511.jpg\"\n    data-image=\"https:\/\/saunaempire.lt\/wp-content\/uploads\/2024\/10\/product_9_1-1024x681.jpg\"\n    data-title=\"product_9_1\">\n\n<img decoding=\"async\" alt=\"product_9_3\"\n   src=\"https:\/\/saunaempire.lt\/wp-content\/uploads\/2024\/10\/product_9_3-768x512.jpg\"\n    data-image=\"https:\/\/saunaempire.lt\/wp-content\/uploads\/2024\/10\/product_9_3-1024x683.jpg\"\n    data-title=\"product_9_3\">\n\n<img decoding=\"async\" alt=\"product_9_7\"\n   src=\"https:\/\/saunaempire.lt\/wp-content\/uploads\/2024\/10\/product_9_7-768x512.jpg\"\n    data-image=\"https:\/\/saunaempire.lt\/wp-content\/uploads\/2024\/10\/product_9_7-1024x683.jpg\"\n    data-title=\"product_9_7\">\n\n<img decoding=\"async\" alt=\"product_9_5\"\n   src=\"https:\/\/saunaempire.lt\/wp-content\/uploads\/2024\/10\/product_9_5-768x511.jpg\"\n    data-image=\"https:\/\/saunaempire.lt\/wp-content\/uploads\/2024\/10\/product_9_5-1024x681.jpg\"\n    data-title=\"product_9_5\">\n\n  \n<\/div>\n<\/div>\n<!-- end Masonry Gallery -->\t\t\t\t<\/div>\n\t\t\t\t<\/div>\n\t\t\t\t<\/div>\n\t\t\t\t<\/div>\n\t\t\t\t\t<\/div>\n\t\t\t\t<\/div>\n\t\t\t\t<\/div>","protected":false},"excerpt":{"rendered":"<p>\u2190 23 s\u0117dimos vietos prie apvalaus marmurin\u0117s mozaikos stalo.Prabangus akmens interjeras ir \u0161viestuvas i\u0161 stiklo mozaikos.Jauki ir prabangi atmosfera.Garso aparat\u016bra.Kaukazieti\u0161kos virtuv\u0117s meniu.Prabangus rank\u0173 darbo med\u017eio masyvo sostas<\/p>","protected":false},"author":1,"featured_media":0,"parent":15,"menu_order":0,"comment_status":"closed","ping_status":"closed","template":"","meta":{"footnotes":""},"class_list":["post-21","page","type-page","status-publish","hentry"],"_links":{"self":[{"href":"https:\/\/saunaempire.lt\/ru\/wp-json\/wp\/v2\/pages\/21","targetHints":{"allow":["GET"]}}],"collection":[{"href":"https:\/\/saunaempire.lt\/ru\/wp-json\/wp\/v2\/pages"}],"about":[{"href":"https:\/\/saunaempire.lt\/ru\/wp-json\/wp\/v2\/types\/page"}],"author":[{"embeddable":true,"href":"https:\/\/saunaempire.lt\/ru\/wp-json\/wp\/v2\/users\/1"}],"replies":[{"embeddable":true,"href":"https:\/\/saunaempire.lt\/ru\/wp-json\/wp\/v2\/comments?post=21"}],"version-history":[{"count":0,"href":"https:\/\/saunaempire.lt\/ru\/wp-json\/wp\/v2\/pages\/21\/revisions"}],"up":[{"embeddable":true,"href":"https:\/\/saunaempire.lt\/ru\/wp-json\/wp\/v2\/pages\/15"}],"wp:attachment":[{"href":"https:\/\/saunaempire.lt\/ru\/wp-json\/wp\/v2\/media?parent=21"}],"curies":[{"name":"wp","href":"https:\/\/api.w.org\/{rel}","templated":true}]}}