{"id":19,"date":"2024-10-29T07:33:30","date_gmt":"2024-10-29T07:33:30","guid":{"rendered":"https:\/\/saunaempire.lt\/?page_id=19"},"modified":"2024-11-03T18:18:08","modified_gmt":"2024-11-03T18:18:08","slug":"baseinas-su-kaskada-ir-turbo-masazine-priessrove","status":"publish","type":"page","link":"https:\/\/saunaempire.lt\/ru\/paslaugos\/baseinas-su-kaskada-ir-turbo-masazine-priessrove\/","title":{"rendered":"\u0411\u0410\u0421\u0421\u0415\u0419\u041d \u0421 \u041a\u0410\u0421\u041a\u0410\u0414\u041d\u042b\u041c \u0418 \u0422\u0423\u0420\u0411\u041e-\u041c\u0410\u0421\u0421\u0410\u0416\u041d\u042b\u041c \u0421\u041e\u041f\u0420\u041e\u0422\u0418\u0412\u041b\u0415\u041d\u0418\u0415\u041c"},"content":{"rendered":"<div data-elementor-type=\"wp-page\" data-elementor-id=\"19\" class=\"elementor elementor-19\" data-elementor-post-type=\"page\">\n\t\t\t\t<div class=\"elementor-element elementor-element-c8eda13 e-flex e-con-boxed e-con e-parent\" data-id=\"c8eda13\" data-element_type=\"container\" data-settings=\"{&quot;background_background&quot;:&quot;classic&quot;}\">\n\t\t\t\t\t<div class=\"e-con-inner\">\n\t\t<div class=\"elementor-element elementor-element-691b3ea e-con-full e-flex e-con e-child\" data-id=\"691b3ea\" data-element_type=\"container\">\n\t\t<div class=\"elementor-element elementor-element-1a42257 e-con-full e-flex e-con e-child\" data-id=\"1a42257\" data-element_type=\"container\">\n\t\t\t\t<div class=\"elementor-element elementor-element-60c18e2 elementor-widget elementor-widget-heading\" data-id=\"60c18e2\" data-element_type=\"widget\" data-widget_type=\"heading.default\">\n\t\t\t\t\t<h1 class=\"elementor-heading-title elementor-size-default\">\u0411\u0410\u0421\u0421\u0415\u0419\u041d \u0421 \u041a\u0410\u0421\u041a\u0410\u0414\u041d\u042b\u041c \u0418 \u0422\u0423\u0420\u0411\u041e-\u041c\u0410\u0421\u0421\u0410\u0416\u041d\u042b\u041c \u0421\u041e\u041f\u0420\u041e\u0422\u0418\u0412\u041b\u0415\u041d\u0418\u0415\u041c<\/h1>\t\t\t\t<\/div>\n\t\t\t\t<\/div>\n\t\t<div class=\"elementor-element elementor-element-849d23f e-con-full e-flex e-con e-child\" data-id=\"849d23f\" data-element_type=\"container\">\n\t\t\t\t<div class=\"elementor-element elementor-element-6b4e171 elementor-widget elementor-widget-html\" data-id=\"6b4e171\" data-element_type=\"widget\" data-widget_type=\"html.default\">\n\t\t\t\t\t<a class=\"back\" href=\"javascript:history.go(-1);\">\u2190<\/a>\t\t\t\t<\/div>\n\t\t\t\t<\/div>\n\t\t\t\t<\/div>\n\t\t<div class=\"elementor-element elementor-element-a425789 e-con-full e-flex e-con e-child\" data-id=\"a425789\" data-element_type=\"container\">\n\t\t<div class=\"elementor-element elementor-element-4252111 e-con-full e-flex e-con e-child\" data-id=\"4252111\" data-element_type=\"container\">\n\t\t\t\t<div class=\"elementor-element elementor-element-30b993a elementor-widget elementor-widget-text-editor\" data-id=\"30b993a\" data-element_type=\"widget\" data-widget_type=\"text-editor.default\">\n\t\t\t\t\t\t\t\t\t<p class=\"translation-block\">5 \u0441\u0438\u0434\u044f\u0447\u0438\u0445 \u043c\u0435\u0441\u0442 \u0438\u0437 \u043f\u043e\u0434\u043e\u0433\u0440\u0435\u0432\u0430\u0435\u043c\u043e\u0433\u043e \u043c\u0440\u0430\u043c\u043e\u0440\u0430 \u0443 \u0430\u043a\u0432\u0430\u0440\u0438\u0443\u043c\u0430 \u0438 \u043c\u0440\u0430\u043c\u043e\u0440\u043d\u043e\u0433\u043e \u0441\u0442\u043e\u043b\u0430.<br>\n\u0422\u0443\u0440\u0431\u043e \u043c\u0430\u0441\u0441\u0430\u0436\u043d\u044b\u0435 \u0441\u0442\u0440\u0443\u0438 \u0441 \u043c\u0430\u0441\u0441\u0430\u0436\u043d\u044b\u043c\u0438 \u0444\u043e\u0440\u0441\u0443\u043d\u043a\u0430\u043c\u0438 60 \u043c\u00b2\/\u0447.<br>\n\u0428\u0443\u043c\u044f\u0449\u0438\u0439 \u0432\u043e\u0434\u043e\u043f\u0430\u0434 \u00ab\u041b\u044c\u0432\u0438\u043d\u0430\u044f \u043f\u0430\u0441\u0442\u044c\u00bb.<br>\n\u041c\u0440\u0430\u043c\u043e\u0440\u043d\u0430\u044f \u043c\u043e\u0437\u0430\u0438\u043a\u0430, \u043c\u0440\u0430\u043c\u043e\u0440\u043d\u0430\u044f \u043b\u044c\u0432\u0438\u043d\u0430\u044f \u0433\u043e\u043b\u043e\u0432\u0430.<br>\n\u0426\u0432\u0435\u0442\u043d\u0430\u044f LED \u043f\u043e\u0434\u0441\u0432\u0435\u0442\u043a\u0430.<br>\n\u0412\u043e\u0434\u043d\u044b\u0435 \u043f\u0440\u043e\u0446\u0435\u0434\u0443\u0440\u044b \u0438 \u043c\u0430\u0441\u0441\u0430\u0436 \u043f\u043e\u043c\u043e\u0433\u0430\u044e\u0442 \u043f\u043e\u0434\u0434\u0435\u0440\u0436\u0438\u0432\u0430\u0442\u044c \u0436\u0438\u0437\u043d\u0435\u043d\u043d\u0443\u044e \u044d\u043d\u0435\u0440\u0433\u0438\u044e, \u0445\u043e\u0440\u043e\u0448\u0443\u044e \u0444\u0438\u0437\u0438\u0447\u0435\u0441\u043a\u0443\u044e \u0444\u043e\u0440\u043c\u0443 \u0438 \u0441\u0430\u043c\u043e\u0447\u0443\u0432\u0441\u0442\u0432\u0438\u0435.<\/p>\t\t\t\t\t\t\t\t<\/div>\n\t\t\t\t<\/div>\n\t\t<div class=\"elementor-element elementor-element-6ebe6a3 e-con-full e-flex e-con e-child\" data-id=\"6ebe6a3\" data-element_type=\"container\">\n\t\t\t\t<div class=\"elementor-element elementor-element-6baf206 elementor-widget elementor-widget-ucaddon_uc_tiles_columns_image\" data-id=\"6baf206\" data-element_type=\"widget\" data-widget_type=\"ucaddon_uc_tiles_columns_image.default\">\n\t\t\t\t<div class=\"elementor-widget-container\">\n\t\t\t\t\t\n<!-- start Masonry Gallery -->\n\t\t<link id='unitegallery-css' href='https:\/\/saunaempire.lt\/wp-content\/plugins\/unlimited-elements-for-elementor-premium\/assets_libraries\/unitegallery\/css\/unite-gallery.css' type='text\/css' rel='stylesheet' >\n\t\t<link id='uc_ac_assets_file_uc_columns_unite_gallery_css_37416-css' href='https:\/\/saunaempire.lt\/wp-content\/uploads\/ac_assets\/uc_tiles_columns_image\/uc-columns-unite-gallery.css' type='text\/css' rel='stylesheet' >\n\n<style>\/* widget: Masonry Gallery *\/\n\n\n#wrapperuc_uc_tiles_columns_image_elementor_6baf206\n{\n  min-height:1px;\n}\n\n<\/style>\n\n<div id=\"wrapperuc_uc_tiles_columns_image_elementor_6baf206\">\n<div id=\"uc_uc_tiles_columns_image_elementor_6baf206\" style=\"display:none;\" class=\"uc-items-wrapper\" data-custom-sethtml=\"true\" >\n\n\n<img decoding=\"async\" alt=\"gal_3_115\"\n   src=\"https:\/\/saunaempire.lt\/wp-content\/uploads\/2024\/10\/gal_3_115-768x1152.jpg\"\n    data-image=\"https:\/\/saunaempire.lt\/wp-content\/uploads\/2024\/10\/gal_3_115-683x1024.jpg\"\n    data-title=\"gal_3_115\">\n\n<img decoding=\"async\" alt=\"slide_7\"\n   src=\"https:\/\/saunaempire.lt\/wp-content\/uploads\/2024\/10\/slide_7-768x512.webp\"\n    data-image=\"https:\/\/saunaempire.lt\/wp-content\/uploads\/2024\/10\/slide_7-1024x683.webp\"\n    data-title=\"slide_7\">\n\n<img decoding=\"async\" alt=\"gal_3_111\"\n   src=\"https:\/\/saunaempire.lt\/wp-content\/uploads\/2024\/10\/gal_3_111-768x1152.jpg\"\n    data-image=\"https:\/\/saunaempire.lt\/wp-content\/uploads\/2024\/10\/gal_3_111-683x1024.jpg\"\n    data-title=\"gal_3_111\">\n\n<img decoding=\"async\" alt=\"gal_3_113\"\n   src=\"https:\/\/saunaempire.lt\/wp-content\/uploads\/2024\/10\/gal_3_113-768x1152.jpg\"\n    data-image=\"https:\/\/saunaempire.lt\/wp-content\/uploads\/2024\/10\/gal_3_113-683x1024.jpg\"\n    data-title=\"gal_3_113\">\n\n<img decoding=\"async\" alt=\"slide_11\"\n   src=\"https:\/\/saunaempire.lt\/wp-content\/uploads\/2024\/10\/slide_11-768x512.webp\"\n    data-image=\"https:\/\/saunaempire.lt\/wp-content\/uploads\/2024\/10\/slide_11-1024x683.webp\"\n    data-title=\"slide_11\">\n\n  \n<\/div>\n<\/div>\n<!-- end Masonry Gallery -->\t\t\t\t<\/div>\n\t\t\t\t<\/div>\n\t\t\t\t<\/div>\n\t\t\t\t<\/div>\n\t\t\t\t\t<\/div>\n\t\t\t\t<\/div>\n\t\t\t\t<\/div>","protected":false},"excerpt":{"rendered":"<p>\u2190 5 s\u0117dimos \u0161ildomo marmuro vietos prie akvariumo ir marmurinio stalo.Turbo masa\u017ein\u0117s srov\u0117s su masa\u017einiais purk\u0161tukais 60 m\u00b2 \/val.\u0160niok\u0161\u010dianti vandens kaskada \u201eLi\u016bto nasrai&#8221;.Marmuro mozaika,marmurin\u0117 li\u016bto galva.Spalvotas LED ap\u0161vietimas.Vandens proced\u016bros ir masa\u017eas padeda palaikyti gyvybingum\u0105, ger\u0105 fizin\u0119 form\u0105 bei savijaut\u0105.<\/p>","protected":false},"author":1,"featured_media":0,"parent":15,"menu_order":0,"comment_status":"closed","ping_status":"closed","template":"","meta":{"footnotes":""},"class_list":["post-19","page","type-page","status-publish","hentry"],"_links":{"self":[{"href":"https:\/\/saunaempire.lt\/ru\/wp-json\/wp\/v2\/pages\/19","targetHints":{"allow":["GET"]}}],"collection":[{"href":"https:\/\/saunaempire.lt\/ru\/wp-json\/wp\/v2\/pages"}],"about":[{"href":"https:\/\/saunaempire.lt\/ru\/wp-json\/wp\/v2\/types\/page"}],"author":[{"embeddable":true,"href":"https:\/\/saunaempire.lt\/ru\/wp-json\/wp\/v2\/users\/1"}],"replies":[{"embeddable":true,"href":"https:\/\/saunaempire.lt\/ru\/wp-json\/wp\/v2\/comments?post=19"}],"version-history":[{"count":0,"href":"https:\/\/saunaempire.lt\/ru\/wp-json\/wp\/v2\/pages\/19\/revisions"}],"up":[{"embeddable":true,"href":"https:\/\/saunaempire.lt\/ru\/wp-json\/wp\/v2\/pages\/15"}],"wp:attachment":[{"href":"https:\/\/saunaempire.lt\/ru\/wp-json\/wp\/v2\/media?parent=19"}],"curies":[{"name":"wp","href":"https:\/\/api.w.org\/{rel}","templated":true}]}}