{"id":17,"date":"2024-10-29T07:32:33","date_gmt":"2024-10-29T07:32:33","guid":{"rendered":"https:\/\/saunaempire.lt\/?page_id=17"},"modified":"2024-11-03T18:16:33","modified_gmt":"2024-11-03T18:16:33","slug":"romeniska-garine-pirtis","status":"publish","type":"page","link":"https:\/\/saunaempire.lt\/ru\/paslaugos\/romeniska-garine-pirtis\/","title":{"rendered":"\u0420\u0423\u041c\u042b\u041d\u0421\u041a\u0410\u042f \u041f\u0410\u0420\u041e\u0412\u0410\u042f \u0412\u0410\u041d\u041d\u0410"},"content":{"rendered":"<div data-elementor-type=\"wp-page\" data-elementor-id=\"17\" class=\"elementor elementor-17\" data-elementor-post-type=\"page\">\n\t\t\t\t<div class=\"elementor-element elementor-element-bc1c694 e-flex e-con-boxed e-con e-parent\" data-id=\"bc1c694\" data-element_type=\"container\" data-settings=\"{&quot;background_background&quot;:&quot;classic&quot;}\">\n\t\t\t\t\t<div class=\"e-con-inner\">\n\t\t<div class=\"elementor-element elementor-element-3831601 e-con-full e-flex e-con e-child\" data-id=\"3831601\" data-element_type=\"container\">\n\t\t<div class=\"elementor-element elementor-element-4739a5c e-con-full e-flex e-con e-child\" data-id=\"4739a5c\" data-element_type=\"container\">\n\t\t\t\t<div class=\"elementor-element elementor-element-1a23df6 elementor-widget elementor-widget-heading\" data-id=\"1a23df6\" data-element_type=\"widget\" data-widget_type=\"heading.default\">\n\t\t\t\t\t<h1 class=\"elementor-heading-title elementor-size-default\">\u0420\u0423\u041c\u042b\u041d\u0421\u041a\u0410\u042f \u041f\u0410\u0420\u041e\u0412\u0410\u042f \u0412\u0410\u041d\u041d\u0410<\/h1>\t\t\t\t<\/div>\n\t\t\t\t<\/div>\n\t\t<div class=\"elementor-element elementor-element-b55de29 e-con-full e-flex e-con e-child\" data-id=\"b55de29\" data-element_type=\"container\">\n\t\t\t\t<div class=\"elementor-element elementor-element-ce683b3 elementor-widget elementor-widget-html\" data-id=\"ce683b3\" data-element_type=\"widget\" data-widget_type=\"html.default\">\n\t\t\t\t\t<a class=\"back\" href=\"javascript:history.go(-1);\">\u2190<\/a>\t\t\t\t<\/div>\n\t\t\t\t<\/div>\n\t\t\t\t<\/div>\n\t\t<div class=\"elementor-element elementor-element-08e91ee e-con-full e-flex e-con e-child\" data-id=\"08e91ee\" data-element_type=\"container\">\n\t\t<div class=\"elementor-element elementor-element-6bf0285 e-con-full e-flex e-con e-child\" data-id=\"6bf0285\" data-element_type=\"container\">\n\t\t\t\t<div class=\"elementor-element elementor-element-a29a2cd elementor-widget elementor-widget-text-editor\" data-id=\"a29a2cd\" data-element_type=\"widget\" data-widget_type=\"text-editor.default\">\n\t\t\t\t\t\t\t\t\t<p class=\"translation-block\">\u0420\u0438\u043c\u0441\u043a\u0430\u044f \u0431\u0430\u043d\u044f \u2013 \u043f\u0440\u0435\u043e\u0431\u043b\u0430\u0434\u0430\u0435\u0442 \u043b\u0435\u0433\u043a\u0430\u044f, \u043f\u0440\u0438\u044f\u0442\u043d\u0430\u044f \u0430\u0442\u043c\u043e\u0441\u0444\u0435\u0440\u0430.<br>\u0418\u043d\u0442\u0435\u0440\u044c\u0435\u0440: \u043c\u0440\u0430\u043c\u043e\u0440, \u043c\u043e\u0442\u0438\u0432\u044b \u0434\u0440\u0435\u0432\u043d\u0438\u0445 \u0440\u0438\u043c\u043b\u044f\u043d.<br>\u0422\u0435\u043c\u043f\u0435\u0440\u0430\u0442\u0443\u0440\u0430 \u0432 \u0431\u0430\u043d\u0435 50\u201370\u00b0C, \u043e\u0442\u043d\u043e\u0441\u0438\u0442\u0435\u043b\u044c\u043d\u0430\u044f \u0432\u043b\u0430\u0436\u043d\u043e\u0441\u0442\u044c 80 % \u2013 100 %.<br>\u0426\u0432\u0435\u0442\u043d\u0430\u044f LED \u043f\u043e\u0434\u0441\u0432\u0435\u0442\u043a\u0430.<\/p>\t\t\t\t\t\t\t\t<\/div>\n\t\t\t\t<\/div>\n\t\t<div class=\"elementor-element elementor-element-3234bf6 e-con-full e-flex e-con e-child\" data-id=\"3234bf6\" data-element_type=\"container\">\n\t\t\t\t<div class=\"elementor-element elementor-element-243ad2e elementor-widget elementor-widget-ucaddon_uc_tiles_columns_image\" data-id=\"243ad2e\" data-element_type=\"widget\" data-widget_type=\"ucaddon_uc_tiles_columns_image.default\">\n\t\t\t\t<div class=\"elementor-widget-container\">\n\t\t\t\t\t\n<!-- start Masonry Gallery -->\n\t\t<link id='unitegallery-css' href='https:\/\/saunaempire.lt\/wp-content\/plugins\/unlimited-elements-for-elementor-premium\/assets_libraries\/unitegallery\/css\/unite-gallery.css' type='text\/css' rel='stylesheet' >\n\t\t<link id='uc_ac_assets_file_uc_columns_unite_gallery_css_37416-css' href='https:\/\/saunaempire.lt\/wp-content\/uploads\/ac_assets\/uc_tiles_columns_image\/uc-columns-unite-gallery.css' type='text\/css' rel='stylesheet' >\n\n<style>\/* widget: Masonry Gallery *\/\n\n\n#wrapperuc_uc_tiles_columns_image_elementor_243ad2e\n{\n  min-height:1px;\n}\n\n<\/style>\n\n<div id=\"wrapperuc_uc_tiles_columns_image_elementor_243ad2e\">\n<div id=\"uc_uc_tiles_columns_image_elementor_243ad2e\" style=\"display:none;\" class=\"uc-items-wrapper\" data-custom-sethtml=\"true\" >\n\n\n<img decoding=\"async\" alt=\"product_7_1\"\n   src=\"https:\/\/saunaempire.lt\/wp-content\/uploads\/2024\/10\/product_7_1-768x512.jpg\"\n    data-image=\"https:\/\/saunaempire.lt\/wp-content\/uploads\/2024\/10\/product_7_1-1024x683.jpg\"\n    data-title=\"product_7_1\">\n\n<img decoding=\"async\" alt=\"product_7_6\"\n   src=\"https:\/\/saunaempire.lt\/wp-content\/uploads\/2024\/10\/product_7_6-768x512.jpg\"\n    data-image=\"https:\/\/saunaempire.lt\/wp-content\/uploads\/2024\/10\/product_7_6-1024x683.jpg\"\n    data-title=\"product_7_6\">\n\n<img decoding=\"async\" alt=\"product_7_7\"\n   src=\"https:\/\/saunaempire.lt\/wp-content\/uploads\/2024\/10\/product_7_7-768x512.jpg\"\n    data-image=\"https:\/\/saunaempire.lt\/wp-content\/uploads\/2024\/10\/product_7_7-1024x683.jpg\"\n    data-title=\"product_7_7\">\n\n  \n<\/div>\n<\/div>\n<!-- end Masonry Gallery -->\t\t\t\t<\/div>\n\t\t\t\t<\/div>\n\t\t\t\t<\/div>\n\t\t\t\t<\/div>\n\t\t\t\t\t<\/div>\n\t\t\t\t<\/div>\n\t\t\t\t<\/div>","protected":false},"excerpt":{"rendered":"<p>\u2190 Rom\u0117ni\u0161ka pirtis &#8211; vyrauja lengva, maloni atmosfera.Interjeras: marmuras ,senov\u0117s Rom\u0117n\u0173 motyvai.Pirties temperat\u016bra \u00a050\u2013 70\u00b0C,santykin\u0117 dr\u0117gm\u0117 80 % &#8211; 100 %.Spalvotas LED ap\u0161vietimas.<\/p>","protected":false},"author":1,"featured_media":0,"parent":15,"menu_order":0,"comment_status":"closed","ping_status":"closed","template":"","meta":{"footnotes":""},"class_list":["post-17","page","type-page","status-publish","hentry"],"_links":{"self":[{"href":"https:\/\/saunaempire.lt\/ru\/wp-json\/wp\/v2\/pages\/17","targetHints":{"allow":["GET"]}}],"collection":[{"href":"https:\/\/saunaempire.lt\/ru\/wp-json\/wp\/v2\/pages"}],"about":[{"href":"https:\/\/saunaempire.lt\/ru\/wp-json\/wp\/v2\/types\/page"}],"author":[{"embeddable":true,"href":"https:\/\/saunaempire.lt\/ru\/wp-json\/wp\/v2\/users\/1"}],"replies":[{"embeddable":true,"href":"https:\/\/saunaempire.lt\/ru\/wp-json\/wp\/v2\/comments?post=17"}],"version-history":[{"count":0,"href":"https:\/\/saunaempire.lt\/ru\/wp-json\/wp\/v2\/pages\/17\/revisions"}],"up":[{"embeddable":true,"href":"https:\/\/saunaempire.lt\/ru\/wp-json\/wp\/v2\/pages\/15"}],"wp:attachment":[{"href":"https:\/\/saunaempire.lt\/ru\/wp-json\/wp\/v2\/media?parent=17"}],"curies":[{"name":"wp","href":"https:\/\/api.w.org\/{rel}","templated":true}]}}