{"id":15,"date":"2024-10-29T07:31:19","date_gmt":"2024-10-29T07:31:19","guid":{"rendered":"https:\/\/saunaempire.lt\/?page_id=15"},"modified":"2024-11-03T11:48:55","modified_gmt":"2024-11-03T11:48:55","slug":"paslaugos","status":"publish","type":"page","link":"https:\/\/saunaempire.lt\/ru\/paslaugos\/","title":{"rendered":"\u0421\u0435\u0440\u0432\u0438\u0441\u044b"},"content":{"rendered":"<div data-elementor-type=\"wp-page\" data-elementor-id=\"15\" class=\"elementor elementor-15\" data-elementor-post-type=\"page\">\n\t\t\t\t<div class=\"elementor-element elementor-element-79263de e-flex e-con-boxed e-con e-parent\" data-id=\"79263de\" data-element_type=\"container\" data-settings=\"{&quot;background_background&quot;:&quot;classic&quot;}\">\n\t\t\t\t\t<div class=\"e-con-inner\">\n\t\t<div class=\"elementor-element elementor-element-cffb6c2 e-con-full e-flex e-con e-child\" data-id=\"cffb6c2\" data-element_type=\"container\">\n\t\t<div class=\"elementor-element elementor-element-7499157 e-con-full e-flex e-con e-child\" data-id=\"7499157\" data-element_type=\"container\">\n\t\t\t\t<div class=\"elementor-element elementor-element-1a818e2 elementor-widget elementor-widget-heading\" data-id=\"1a818e2\" data-element_type=\"widget\" data-widget_type=\"heading.default\">\n\t\t\t\t\t<h1 class=\"elementor-heading-title elementor-size-default\">Katalogas<\/h1>\t\t\t\t<\/div>\n\t\t\t\t<\/div>\n\t\t<div class=\"elementor-element elementor-element-e506bad e-con-full e-flex e-con e-child\" data-id=\"e506bad\" data-element_type=\"container\">\n\t\t\t\t<div class=\"elementor-element elementor-element-1e67655 elementor-widget elementor-widget-html\" data-id=\"1e67655\" data-element_type=\"widget\" data-widget_type=\"html.default\">\n\t\t\t\t\t<a class=\"back\" href=\"javascript:history.go(-1);\">\u2190<\/a>\t\t\t\t<\/div>\n\t\t\t\t<\/div>\n\t\t\t\t<\/div>\n\t\t<div class=\"elementor-element elementor-element-dbeef2a e-con-full e-flex e-con e-child\" data-id=\"dbeef2a\" data-element_type=\"container\">\n\t\t<div class=\"elementor-element elementor-element-f8fbfc1 e-grid e-con-full e-con e-child\" data-id=\"f8fbfc1\" data-element_type=\"container\">\n\t\t\t\t<div class=\"elementor-element elementor-element-d687ccb elementor-position-top elementor-widget elementor-widget-image-box\" data-id=\"d687ccb\" data-element_type=\"widget\" data-widget_type=\"image-box.default\">\n\t\t\t\t\t<div class=\"elementor-image-box-wrapper\"><figure class=\"elementor-image-box-img\"><a href=\"https:\/\/saunaempire.lt\/ru\/paslaugos\/romeniska-garine-pirtis\/\" tabindex=\"-1\"><img fetchpriority=\"high\" decoding=\"async\" width=\"800\" height=\"1200\" src=\"https:\/\/saunaempire.lt\/wp-content\/uploads\/2024\/10\/gal_3_91.jpg\" class=\"attachment-full size-full wp-image-194\" alt=\"\" srcset=\"https:\/\/saunaempire.lt\/wp-content\/uploads\/2024\/10\/gal_3_91.jpg 800w, https:\/\/saunaempire.lt\/wp-content\/uploads\/2024\/10\/gal_3_91-200x300.jpg 200w, https:\/\/saunaempire.lt\/wp-content\/uploads\/2024\/10\/gal_3_91-683x1024.jpg 683w, https:\/\/saunaempire.lt\/wp-content\/uploads\/2024\/10\/gal_3_91-768x1152.jpg 768w\" sizes=\"(max-width: 800px) 100vw, 800px\" \/><\/a><\/figure><div class=\"elementor-image-box-content\"><h5 class=\"elementor-image-box-title\"><a href=\"https:\/\/saunaempire.lt\/ru\/paslaugos\/romeniska-garine-pirtis\/\"> ROM\u0116NI\u0160KA GARIN\u0116 PIRTIS<\/a><\/h5><\/div><\/div>\t\t\t\t<\/div>\n\t\t\t\t<div class=\"elementor-element elementor-element-dbf04ef elementor-position-top elementor-widget elementor-widget-image-box\" data-id=\"dbf04ef\" data-element_type=\"widget\" data-widget_type=\"image-box.default\">\n\t\t\t\t\t<div class=\"elementor-image-box-wrapper\"><figure class=\"elementor-image-box-img\"><a href=\"https:\/\/saunaempire.lt\/ru\/paslaugos\/baseinas-su-kaskada-ir-turbo-masazine-priessrove\/\" tabindex=\"-1\"><img decoding=\"async\" width=\"800\" height=\"1200\" src=\"https:\/\/saunaempire.lt\/wp-content\/uploads\/2024\/10\/gal_3_113.jpg\" class=\"attachment-full size-full wp-image-197\" alt=\"\" srcset=\"https:\/\/saunaempire.lt\/wp-content\/uploads\/2024\/10\/gal_3_113.jpg 800w, https:\/\/saunaempire.lt\/wp-content\/uploads\/2024\/10\/gal_3_113-200x300.jpg 200w, https:\/\/saunaempire.lt\/wp-content\/uploads\/2024\/10\/gal_3_113-683x1024.jpg 683w, https:\/\/saunaempire.lt\/wp-content\/uploads\/2024\/10\/gal_3_113-768x1152.jpg 768w\" sizes=\"(max-width: 800px) 100vw, 800px\" \/><\/a><\/figure><div class=\"elementor-image-box-content\"><h5 class=\"elementor-image-box-title\"><a href=\"https:\/\/saunaempire.lt\/ru\/paslaugos\/baseinas-su-kaskada-ir-turbo-masazine-priessrove\/\">BASEINAS SU KASKADA IR TURBO MASA\u017dIN\u0116 PRIE\u0160SROVE<\/a><\/h5><\/div><\/div>\t\t\t\t<\/div>\n\t\t\t\t<div class=\"elementor-element elementor-element-c8f7202 elementor-position-top elementor-widget elementor-widget-image-box\" data-id=\"c8f7202\" data-element_type=\"widget\" data-widget_type=\"image-box.default\">\n\t\t\t\t\t<div class=\"elementor-image-box-wrapper\"><figure class=\"elementor-image-box-img\"><a href=\"https:\/\/saunaempire.lt\/ru\/paslaugos\/banketine-sale\/\" tabindex=\"-1\"><img decoding=\"async\" width=\"1200\" height=\"800\" src=\"https:\/\/saunaempire.lt\/wp-content\/uploads\/2024\/10\/gal_3_120.jpg\" class=\"attachment-full size-full wp-image-248\" alt=\"\" srcset=\"https:\/\/saunaempire.lt\/wp-content\/uploads\/2024\/10\/gal_3_120.jpg 1200w, https:\/\/saunaempire.lt\/wp-content\/uploads\/2024\/10\/gal_3_120-300x200.jpg 300w, https:\/\/saunaempire.lt\/wp-content\/uploads\/2024\/10\/gal_3_120-1024x683.jpg 1024w, https:\/\/saunaempire.lt\/wp-content\/uploads\/2024\/10\/gal_3_120-768x512.jpg 768w\" sizes=\"(max-width: 1200px) 100vw, 1200px\" \/><\/a><\/figure><div class=\"elementor-image-box-content\"><h5 class=\"elementor-image-box-title\"><a href=\"https:\/\/saunaempire.lt\/ru\/paslaugos\/banketine-sale\/\">BANKETIN\u0116 SAL\u0116<\/a><\/h5><\/div><\/div>\t\t\t\t<\/div>\n\t\t\t\t<div class=\"elementor-element elementor-element-bfc33cb elementor-position-top elementor-widget elementor-widget-image-box\" data-id=\"bfc33cb\" data-element_type=\"widget\" data-widget_type=\"image-box.default\">\n\t\t\t\t\t<div class=\"elementor-image-box-wrapper\"><figure class=\"elementor-image-box-img\"><a href=\"https:\/\/saunaempire.lt\/ru\/paslaugos\/hidromasazine-sukurine-vonia-jacuzzi\/\" tabindex=\"-1\"><img loading=\"lazy\" decoding=\"async\" width=\"800\" height=\"1200\" src=\"https:\/\/saunaempire.lt\/wp-content\/uploads\/2024\/10\/gal_6_70.jpg\" class=\"attachment-full size-full wp-image-180\" alt=\"\" srcset=\"https:\/\/saunaempire.lt\/wp-content\/uploads\/2024\/10\/gal_6_70.jpg 800w, https:\/\/saunaempire.lt\/wp-content\/uploads\/2024\/10\/gal_6_70-200x300.jpg 200w, https:\/\/saunaempire.lt\/wp-content\/uploads\/2024\/10\/gal_6_70-683x1024.jpg 683w, https:\/\/saunaempire.lt\/wp-content\/uploads\/2024\/10\/gal_6_70-768x1152.jpg 768w\" sizes=\"(max-width: 800px) 100vw, 800px\" \/><\/a><\/figure><div class=\"elementor-image-box-content\"><h5 class=\"elementor-image-box-title\"><a href=\"https:\/\/saunaempire.lt\/ru\/paslaugos\/hidromasazine-sukurine-vonia-jacuzzi\/\">HIDROMASA\u017dIN\u0116 S\u016aKURIN\u0116 VONIA-JACUZZI<\/a><\/h5><\/div><\/div>\t\t\t\t<\/div>\n\t\t\t\t<div class=\"elementor-element elementor-element-a1410fc elementor-position-top elementor-widget elementor-widget-image-box\" data-id=\"a1410fc\" data-element_type=\"widget\" data-widget_type=\"image-box.default\">\n\t\t\t\t\t<div class=\"elementor-image-box-wrapper\"><figure class=\"elementor-image-box-img\"><a href=\"https:\/\/saunaempire.lt\/ru\/?page_id=25\" tabindex=\"-1\"><img loading=\"lazy\" decoding=\"async\" width=\"1200\" height=\"800\" src=\"https:\/\/saunaempire.lt\/wp-content\/uploads\/2024\/10\/gal_3_32.jpg\" class=\"attachment-full size-full wp-image-234\" alt=\"\" srcset=\"https:\/\/saunaempire.lt\/wp-content\/uploads\/2024\/10\/gal_3_32.jpg 1200w, https:\/\/saunaempire.lt\/wp-content\/uploads\/2024\/10\/gal_3_32-300x200.jpg 300w, https:\/\/saunaempire.lt\/wp-content\/uploads\/2024\/10\/gal_3_32-1024x683.jpg 1024w, https:\/\/saunaempire.lt\/wp-content\/uploads\/2024\/10\/gal_3_32-768x512.jpg 768w\" sizes=\"(max-width: 1200px) 100vw, 1200px\" \/><\/a><\/figure><div class=\"elementor-image-box-content\"><h5 class=\"elementor-image-box-title\"><a href=\"https:\/\/saunaempire.lt\/ru\/?page_id=25\">VIP \u041d\u041e\u041c\u0415\u0420<\/a><\/h5><\/div><\/div>\t\t\t\t<\/div>\n\t\t\t\t<div class=\"elementor-element elementor-element-7e92d72 elementor-hidden-desktop elementor-hidden-tablet elementor-hidden-mobile elementor-position-top elementor-widget elementor-widget-image-box\" data-id=\"7e92d72\" data-element_type=\"widget\" data-widget_type=\"image-box.default\">\n\t\t\t\t\t<div class=\"elementor-image-box-wrapper\"><figure class=\"elementor-image-box-img\"><a href=\"https:\/\/saunaempire.lt\/ru\/paslaugos\/kaukazietiska-virtuve\/\" tabindex=\"-1\"><img loading=\"lazy\" decoding=\"async\" width=\"1200\" height=\"795\" src=\"https:\/\/saunaempire.lt\/wp-content\/uploads\/2024\/10\/gal_4_131.jpg\" class=\"attachment-full size-full wp-image-209\" alt=\"\" srcset=\"https:\/\/saunaempire.lt\/wp-content\/uploads\/2024\/10\/gal_4_131.jpg 1200w, https:\/\/saunaempire.lt\/wp-content\/uploads\/2024\/10\/gal_4_131-300x199.jpg 300w, https:\/\/saunaempire.lt\/wp-content\/uploads\/2024\/10\/gal_4_131-1024x678.jpg 1024w, https:\/\/saunaempire.lt\/wp-content\/uploads\/2024\/10\/gal_4_131-768x509.jpg 768w\" sizes=\"(max-width: 1200px) 100vw, 1200px\" \/><\/a><\/figure><div class=\"elementor-image-box-content\"><h5 class=\"elementor-image-box-title\"><a href=\"https:\/\/saunaempire.lt\/ru\/paslaugos\/kaukazietiska-virtuve\/\">KAUKAZIETI\u0160KA VIRTUV\u0116<\/a><\/h5><\/div><\/div>\t\t\t\t<\/div>\n\t\t\t\t<\/div>\n\t\t\t\t<\/div>\n\t\t\t\t\t<\/div>\n\t\t\t\t<\/div>\n\t\t\t\t<\/div>","protected":false},"excerpt":{"rendered":"<p>Katalogas \u2190 ROM\u0116NI\u0160KA GARIN\u0116 PIRTIS BASEINAS SU KASKADA IR TURBO MASA\u017dIN\u0116 PRIE\u0160SROVE BANKETIN\u0116 SAL\u0116 HIDROMASA\u017dIN\u0116 S\u016aKURIN\u0116 VONIA-JACUZZI VIP KAMBARYS KAUKAZIETI\u0160KA VIRTUV\u0116<\/p>","protected":false},"author":1,"featured_media":0,"parent":0,"menu_order":0,"comment_status":"closed","ping_status":"closed","template":"","meta":{"footnotes":""},"class_list":["post-15","page","type-page","status-publish","hentry"],"_links":{"self":[{"href":"https:\/\/saunaempire.lt\/ru\/wp-json\/wp\/v2\/pages\/15","targetHints":{"allow":["GET"]}}],"collection":[{"href":"https:\/\/saunaempire.lt\/ru\/wp-json\/wp\/v2\/pages"}],"about":[{"href":"https:\/\/saunaempire.lt\/ru\/wp-json\/wp\/v2\/types\/page"}],"author":[{"embeddable":true,"href":"https:\/\/saunaempire.lt\/ru\/wp-json\/wp\/v2\/users\/1"}],"replies":[{"embeddable":true,"href":"https:\/\/saunaempire.lt\/ru\/wp-json\/wp\/v2\/comments?post=15"}],"version-history":[{"count":0,"href":"https:\/\/saunaempire.lt\/ru\/wp-json\/wp\/v2\/pages\/15\/revisions"}],"wp:attachment":[{"href":"https:\/\/saunaempire.lt\/ru\/wp-json\/wp\/v2\/media?parent=15"}],"curies":[{"name":"wp","href":"https:\/\/api.w.org\/{rel}","templated":true}]}}