{"id":13,"date":"2024-10-29T07:31:00","date_gmt":"2024-10-29T07:31:00","guid":{"rendered":"https:\/\/saunaempire.lt\/?page_id=13"},"modified":"2024-12-09T11:31:42","modified_gmt":"2024-12-09T11:31:42","slug":"kainos","status":"publish","type":"page","link":"https:\/\/saunaempire.lt\/ru\/kainos\/","title":{"rendered":"\u0426\u0435\u043d\u044b"},"content":{"rendered":"<div data-elementor-type=\"wp-page\" data-elementor-id=\"13\" class=\"elementor elementor-13\" data-elementor-post-type=\"page\">\n\t\t\t\t<div class=\"elementor-element elementor-element-e616bd9 e-flex e-con-boxed e-con e-parent\" data-id=\"e616bd9\" data-element_type=\"container\" data-settings=\"{&quot;background_background&quot;:&quot;classic&quot;}\">\n\t\t\t\t\t<div class=\"e-con-inner\">\n\t\t<div class=\"elementor-element elementor-element-ab467e4 e-con-full e-flex e-con e-child\" data-id=\"ab467e4\" data-element_type=\"container\">\n\t\t<div class=\"elementor-element elementor-element-e18f035 e-con-full e-flex e-con e-child\" data-id=\"e18f035\" data-element_type=\"container\">\n\t\t\t\t<div class=\"elementor-element elementor-element-d95db32 elementor-widget elementor-widget-heading\" data-id=\"d95db32\" data-element_type=\"widget\" data-widget_type=\"heading.default\">\n\t\t\t\t\t<h1 class=\"elementor-heading-title elementor-size-default\">\u0426\u0435\u043d\u044b<\/h1>\t\t\t\t<\/div>\n\t\t\t\t<\/div>\n\t\t<div class=\"elementor-element elementor-element-9fcf5f4 e-con-full e-flex e-con e-child\" data-id=\"9fcf5f4\" data-element_type=\"container\">\n\t\t\t\t<div class=\"elementor-element elementor-element-c31a3d0 elementor-widget elementor-widget-html\" data-id=\"c31a3d0\" data-element_type=\"widget\" data-widget_type=\"html.default\">\n\t\t\t\t\t<a class=\"back\" href=\"javascript:history.go(-1);\">\u2190<\/a>\t\t\t\t<\/div>\n\t\t\t\t<\/div>\n\t\t\t\t<\/div>\n\t\t<div class=\"elementor-element elementor-element-db0ccd0 e-con-full e-flex e-con e-child\" data-id=\"db0ccd0\" data-element_type=\"container\">\n\t\t<div class=\"elementor-element elementor-element-79ac18c e-con-full e-flex e-con e-child\" data-id=\"79ac18c\" data-element_type=\"container\">\n\t\t\t\t<div class=\"elementor-element elementor-element-c75842c elementor-widget elementor-widget-text-editor\" data-id=\"c75842c\" data-element_type=\"widget\" data-widget_type=\"text-editor.default\">\n\t\t\t\t\t\t\t\t\t<div class=\"flex max-w-full flex-col flex-grow\"><div class=\"min-h-8 text-message flex w-full flex-col items-end gap-2 whitespace-normal break-words [.text-message+&amp;]:mt-5\" dir=\"auto\" data-message-author-role=\"assistant\" data-message-id=\"7ca9ba82-e3fd-469d-8389-6fde981c83aa\" data-message-model-slug=\"gpt-4o\"><div class=\"flex w-full flex-col gap-1 empty:hidden first:pt-[3px]\"><div class=\"markdown prose w-full break-words dark:prose-invert dark\"><p>Pirties nuomos kaina \u2013 <strong>600<\/strong> \u20ac u\u017e 6 valandas. \u012e kain\u0105 \u012fskai\u010diuota Rom\u0117ni\u0161ka garin\u0117 pirtis, baseinas su kaskada ir turbo masa\u017eine prie\u0161srove, banketin\u0117 sal\u0117, VIP kambarys bei hidromasa\u017ein\u0117 s\u016bkurin\u0117 vonia (jacuzzi). Vir\u0161ijus 6 valand\u0173 laik\u0105, kiekviena papildoma valanda kainuoja 50 \u20ac.<\/p><\/div><\/div><\/div><\/div><div class=\"mb-2 flex gap-3 empty:hidden -ml-2\"><div class=\"items-center justify-start rounded-xl p-1 flex\"><div class=\"flex items-center\"><div class=\"flex items-center pb-0\">\u00a0<\/div><\/div><\/div><\/div>\t\t\t\t\t\t\t\t<\/div>\n\t\t\t\t<div class=\"elementor-element elementor-element-a6f96de elementor-widget elementor-widget-text-editor\" data-id=\"a6f96de\" data-element_type=\"widget\" data-widget_type=\"text-editor.default\">\n\t\t\t\t\t\t\t\t\t<div class=\"flex max-w-full flex-col flex-grow\"><div class=\"min-h-8 text-message flex w-full flex-col items-end gap-2 whitespace-normal break-words [.text-message+&amp;]:mt-5\" dir=\"auto\" data-message-author-role=\"assistant\" data-message-id=\"7ca9ba82-e3fd-469d-8389-6fde981c83aa\" data-message-model-slug=\"gpt-4o\"><div class=\"flex w-full flex-col gap-1 empty:hidden first:pt-[3px]\"><div class=\"markdown prose w-full break-words dark:prose-invert dark\"><div class=\"flex-shrink-0 flex flex-col relative items-end\"><div><div class=\"pt-0\"><div class=\"gizmo-bot-avatar flex h-8 w-8 items-center justify-center overflow-hidden rounded-full\"><div class=\"relative p-1 rounded-sm flex items-center justify-center bg-token-main-surface-primary text-token-text-primary h-8 w-8\"><a href=\"https:\/\/saunaempire.lt\/ru\/baras\/\">Baro nuomos kaina<\/a> \u2013 500 \u20ac u\u017e 7 valandas. \u012e kain\u0105 \u012fskai\u010diuota pilnai \u012frengtas baras su profesionalia \u012franga, jauki poilsio zona, \u0161iuolaiki\u0161kas ap\u0161vietimas bei garso sistema. Vir\u0161ijus 7 valand\u0173 laik\u0105, kiekviena papildoma valanda kainuoja 50 \u20ac.<\/div><\/div><\/div><\/div><\/div><\/div><\/div><\/div><\/div>\t\t\t\t\t\t\t\t<\/div>\n\t\t\t\t<\/div>\n\t\t\t\t<\/div>\n\t\t\t\t\t<\/div>\n\t\t\t\t<\/div>\n\t\t\t\t<\/div>","protected":false},"excerpt":{"rendered":"<p>\u2190 Pirties nuomos kaina \u2013 600 \u20ac u\u017e 6 valandas. \u012e kain\u0105 \u012fskai\u010diuota Rom\u0117ni\u0161ka garin\u0117 pirtis, baseinas su kaskada ir turbo masa\u017eine prie\u0161srove, banketin\u0117 sal\u0117, VIP kambarys bei hidromasa\u017ein\u0117 s\u016bkurin\u0117 vonia (jacuzzi). Vir\u0161ijus 6 valand\u0173 laik\u0105, kiekviena papildoma valanda kainuoja 50 \u20ac. \u00a0Baro nuomos kaina \u2013 500 \u20ac u\u017e 7 valandas. \u012e kain\u0105 \u012fskai\u010diuota pilnai [&hellip;]<\/p>","protected":false},"author":1,"featured_media":0,"parent":0,"menu_order":0,"comment_status":"closed","ping_status":"closed","template":"","meta":{"footnotes":""},"class_list":["post-13","page","type-page","status-publish","hentry"],"_links":{"self":[{"href":"https:\/\/saunaempire.lt\/ru\/wp-json\/wp\/v2\/pages\/13","targetHints":{"allow":["GET"]}}],"collection":[{"href":"https:\/\/saunaempire.lt\/ru\/wp-json\/wp\/v2\/pages"}],"about":[{"href":"https:\/\/saunaempire.lt\/ru\/wp-json\/wp\/v2\/types\/page"}],"author":[{"embeddable":true,"href":"https:\/\/saunaempire.lt\/ru\/wp-json\/wp\/v2\/users\/1"}],"replies":[{"embeddable":true,"href":"https:\/\/saunaempire.lt\/ru\/wp-json\/wp\/v2\/comments?post=13"}],"version-history":[{"count":0,"href":"https:\/\/saunaempire.lt\/ru\/wp-json\/wp\/v2\/pages\/13\/revisions"}],"wp:attachment":[{"href":"https:\/\/saunaempire.lt\/ru\/wp-json\/wp\/v2\/media?parent=13"}],"curies":[{"name":"wp","href":"https:\/\/api.w.org\/{rel}","templated":true}]}}