{"id":8,"date":"2024-10-29T07:17:29","date_gmt":"2024-10-29T07:17:29","guid":{"rendered":"https:\/\/saunaempire.lt\/?page_id=8"},"modified":"2024-11-03T17:49:13","modified_gmt":"2024-11-03T17:49:13","slug":"apie-mus","status":"publish","type":"page","link":"https:\/\/saunaempire.lt\/en\/apie-mus\/","title":{"rendered":"About us"},"content":{"rendered":"<div data-elementor-type=\"wp-page\" data-elementor-id=\"8\" class=\"elementor elementor-8\" data-elementor-post-type=\"page\">\n\t\t\t\t<div class=\"elementor-element elementor-element-5cef86f e-flex e-con-boxed e-con e-parent\" data-id=\"5cef86f\" data-element_type=\"container\" data-settings=\"{&quot;background_background&quot;:&quot;classic&quot;}\">\n\t\t\t\t\t<div class=\"e-con-inner\">\n\t\t<div class=\"elementor-element elementor-element-8c09114 e-con-full e-flex e-con e-child\" data-id=\"8c09114\" data-element_type=\"container\">\n\t\t<div class=\"elementor-element elementor-element-f7efffd e-con-full e-flex e-con e-child\" data-id=\"f7efffd\" data-element_type=\"container\">\n\t\t\t\t<div class=\"elementor-element elementor-element-1fb4b52 elementor-widget elementor-widget-heading\" data-id=\"1fb4b52\" data-element_type=\"widget\" data-widget_type=\"heading.default\">\n\t\t\t\t\t<h1 class=\"elementor-heading-title elementor-size-default\">About us<\/h1>\t\t\t\t<\/div>\n\t\t\t\t<div class=\"elementor-element elementor-element-da4f941 elementor-widget elementor-widget-html\" data-id=\"da4f941\" data-element_type=\"widget\" data-widget_type=\"html.default\">\n\t\t\t\t\t<a class=\"back\" href=\"javascript:history.go(-1);\">\u2190<\/a>\t\t\t\t<\/div>\n\t\t\t\t<\/div>\n\t\t\t\t<div class=\"elementor-element elementor-element-9f7a70d elementor-widget elementor-widget-text-editor\" data-id=\"9f7a70d\" data-element_type=\"widget\" data-widget_type=\"text-editor.default\">\n\t\t\t\t\t\t\t\t\t<p><\/p>\n<p class=\"translation-block\">The \"Saunaempire\" bathhouse complex project, nurtured over 10 years, has achieved its desired appearance and is now open to the public. Recently opened in Vilnius, \"Saunaempire\" is a unique design steam bath and entertainment complex. We aim to offer clients a high-quality, exclusive Roman bath atmosphere. The interior features Ancient Roman-inspired motifs, with decorated marble. The health benefits of marble, long recognized and highly valued in modern medicine, make it an ideal choice for well-being. Marble, a living mineral, has positive effects on health, and relaxing on marble stone loungers or benches embodies ancient Roman wisdom adapted for the health of contemporary individuals.\n\nThe 220 m\u00b2 complex includes a warm and cozy marble pool with underwater turbo massage jets and a water cascade called \u201cLion\u2019s Maw\u201d; an 8-person marble hot tub with hydromassage; a banquet hall with 23 seats around a round marble mosaic table, and a luxurious handcrafted wooden throne. For clients\u2019 comfort, there are 5 heated marble seats by the aquarium and 7 seats near the hot tub. We invite families to enjoy their time with us: the nearby restaurant, \"Nyk\u0161tuk\u0173 Pasaulis\" (Dwarf World), offers Caucasian cuisine, and has a children's playroom where caring parents can leave their little ones to enjoy a variety of toys, attractions, and games. Visit <a href=\"https:\/\/www.nykstukupasaulis.lt\" target=\"_self\">www.nykstukupasaulis.lt<\/a> for more information.<\/p>\n<p><\/p>\n<p><em>The project has attracted significant interest from business organizations for the opportunity to host private events in a closed setting. There is a notable shortage of luxurious, private spaces in Vilnius for events, themed parties, presentations, birthdays, bachelor and bachelorette parties, weddings, and christenings. This entertainment complex is expected to be a highly sought-after venue for events, offering an innovative and unique setting tailored to each client\u2019s needs. The marble environment provides a calming, luxurious ambiance that allows guests to relax and enjoy their leisure time.\u00a0\u00a0\u00a0\u00a0\u00a0\u00a0\u00a0\u00a0\u00a0\u00a0\u00a0\u00a0\u00a0\u00a0\u00a0\u00a0\u00a0\u00a0\u00a0\u00a0\u00a0\u00a0\u00a0\u00a0\u00a0<\/em><\/p>\n<p><\/p>\n<p><em>The project organizers hope that the entertainment complex will encourage people to choose high-quality, reliable relaxation environments. The benefits of Roman steam baths and water treatments are especially relevant for active, dynamic individuals, as the therapeutic effects of water treatments and massages are well-known for their benefits to vitality, physical fitness, and overall well-being.<\/em><\/p>\n<p><\/p>\n<p><em>\u00a0 \u00a0 \u00a0 The organizers are confident that the new and distinctive marble environment will attract locals and visitors alike, inviting them to experience the new adventures offered by the \"Saunaempire\" steam bath.<\/em><\/p>\n<p><\/p>\t\t\t\t\t\t\t\t<\/div>\n\t\t\t\t<\/div>\n\t\t\t\t\t<\/div>\n\t\t\t\t<\/div>\n\t\t\t\t<\/div>","protected":false},"excerpt":{"rendered":"<p>Sveiki \u2190 \u00a0 \u00a0 \u00a010 metu puosel\u0117tas pirties komplekso \u00a0\u201eSaunaempire\u201c projektas \u012fgavo siekiam\u0105 vaizd\u0105 ir tampa atviras visuomenei. Dabar Vilniuje atidaryta puiki, i\u0161skirtinio dizaino \u201eSaunaempire\u201c garin\u0117 pirtis-pramog\u0173 kompleksas. Siekiame klientams pateikti auk\u0161\u010diausios kokyb\u0117s ir i\u0161skirtinio dizaino Rom\u0117ni\u0161kos pirties atmosfer\u0105. Aplinkos interjeras senov\u0117s Rom\u0117n\u0173 motyvai \u2013 dekoruotas marmuras. Nuo seno \u017einomas marmuro poveikis sveikatai itin vertinamas [&hellip;]<\/p>","protected":false},"author":1,"featured_media":0,"parent":0,"menu_order":0,"comment_status":"closed","ping_status":"closed","template":"","meta":{"footnotes":""},"class_list":["post-8","page","type-page","status-publish","hentry"],"_links":{"self":[{"href":"https:\/\/saunaempire.lt\/en\/wp-json\/wp\/v2\/pages\/8","targetHints":{"allow":["GET"]}}],"collection":[{"href":"https:\/\/saunaempire.lt\/en\/wp-json\/wp\/v2\/pages"}],"about":[{"href":"https:\/\/saunaempire.lt\/en\/wp-json\/wp\/v2\/types\/page"}],"author":[{"embeddable":true,"href":"https:\/\/saunaempire.lt\/en\/wp-json\/wp\/v2\/users\/1"}],"replies":[{"embeddable":true,"href":"https:\/\/saunaempire.lt\/en\/wp-json\/wp\/v2\/comments?post=8"}],"version-history":[{"count":0,"href":"https:\/\/saunaempire.lt\/en\/wp-json\/wp\/v2\/pages\/8\/revisions"}],"wp:attachment":[{"href":"https:\/\/saunaempire.lt\/en\/wp-json\/wp\/v2\/media?parent=8"}],"curies":[{"name":"wp","href":"https:\/\/api.w.org\/{rel}","templated":true}]}}