{"id":27,"date":"2024-10-29T07:37:12","date_gmt":"2024-10-29T07:37:12","guid":{"rendered":"https:\/\/saunaempire.lt\/?page_id=27"},"modified":"2024-11-02T19:09:38","modified_gmt":"2024-11-02T19:09:38","slug":"kaukazietiska-virtuve","status":"publish","type":"page","link":"https:\/\/saunaempire.lt\/en\/paslaugos\/kaukazietiska-virtuve\/","title":{"rendered":"Kaukazieti\u0161ka virtuv\u0117"},"content":{"rendered":"<div data-elementor-type=\"wp-page\" data-elementor-id=\"27\" class=\"elementor elementor-27\" data-elementor-post-type=\"page\">\n\t\t\t\t<div class=\"elementor-element elementor-element-1636580 e-con-full e-flex e-con e-parent\" data-id=\"1636580\" data-element_type=\"container\" data-settings=\"{&quot;background_background&quot;:&quot;classic&quot;}\">\n\t\t<div class=\"elementor-element elementor-element-07aa692 e-con-full e-flex e-con e-child\" data-id=\"07aa692\" data-element_type=\"container\">\n\t\t<div class=\"elementor-element elementor-element-bb3b375 e-con-full e-flex e-con e-child\" data-id=\"bb3b375\" data-element_type=\"container\">\n\t\t\t\t<div class=\"elementor-element elementor-element-98a75e4 elementor-widget elementor-widget-heading\" data-id=\"98a75e4\" data-element_type=\"widget\" data-widget_type=\"heading.default\">\n\t\t\t\t\t<h1 class=\"elementor-heading-title elementor-size-default\">Kaukazieti\u0161ka virtuv\u0117<\/h1>\t\t\t\t<\/div>\n\t\t\t\t<\/div>\n\t\t<div class=\"elementor-element elementor-element-69dbbe9 e-con-full e-flex e-con e-child\" data-id=\"69dbbe9\" data-element_type=\"container\">\n\t\t\t\t<div class=\"elementor-element elementor-element-22abe9a elementor-widget elementor-widget-html\" data-id=\"22abe9a\" data-element_type=\"widget\" data-widget_type=\"html.default\">\n\t\t\t\t\t<a class=\"back\" href=\"javascript:history.go(-1);\">\u2190<\/a>\t\t\t\t<\/div>\n\t\t\t\t<\/div>\n\t\t\t\t<\/div>\n\t\t<div class=\"elementor-element elementor-element-39ee98e e-con-full e-flex e-con e-child\" data-id=\"39ee98e\" data-element_type=\"container\">\n\t\t<div class=\"elementor-element elementor-element-f41d0fd e-con-full e-flex e-con e-child\" data-id=\"f41d0fd\" data-element_type=\"container\">\n\t\t\t\t<div class=\"elementor-element elementor-element-8ac4f68 elementor-widget elementor-widget-text-editor\" data-id=\"8ac4f68\" data-element_type=\"widget\" data-widget_type=\"text-editor.default\">\n\t\t\t\t\t\t\t\t\t<p>Restoranas \u201eNyk\u0161tuk\u0173 pasaulis&#8221;.<br \/>Rengiami banketai, fur\u0161etai, vakar\u0117liai, dienos piet\u016bs.<\/p>\t\t\t\t\t\t\t\t<\/div>\n\t\t\t\t<\/div>\n\t\t<div class=\"elementor-element elementor-element-e81f6b2 e-con-full e-flex e-con e-child\" data-id=\"e81f6b2\" data-element_type=\"container\">\n\t\t\t\t<div class=\"elementor-element elementor-element-0d4a16d elementor-widget elementor-widget-ucaddon_uc_tiles_columns_image\" data-id=\"0d4a16d\" data-element_type=\"widget\" data-widget_type=\"ucaddon_uc_tiles_columns_image.default\">\n\t\t\t\t<div class=\"elementor-widget-container\">\n\t\t\t\t\t\n<!-- start Masonry Gallery -->\n\t\t<link id='unitegallery-css' href='https:\/\/saunaempire.lt\/wp-content\/plugins\/unlimited-elements-for-elementor-premium\/assets_libraries\/unitegallery\/css\/unite-gallery.css' type='text\/css' rel='stylesheet' >\n\t\t<link id='uc_ac_assets_file_uc_columns_unite_gallery_css_37416-css' href='https:\/\/saunaempire.lt\/wp-content\/uploads\/ac_assets\/uc_tiles_columns_image\/uc-columns-unite-gallery.css' type='text\/css' rel='stylesheet' >\n\n<style>\/* widget: Masonry Gallery *\/\n\n\n#wrapperuc_uc_tiles_columns_image_elementor_0d4a16d\n{\n  min-height:1px;\n}\n\n<\/style>\n\n<div id=\"wrapperuc_uc_tiles_columns_image_elementor_0d4a16d\">\n<div id=\"uc_uc_tiles_columns_image_elementor_0d4a16d\" style=\"display:none;\" class=\"uc-items-wrapper\" data-custom-sethtml=\"true\" >\n\n\n<img decoding=\"async\" alt=\"product_9_3\"\n   src=\"https:\/\/saunaempire.lt\/wp-content\/uploads\/2024\/10\/product_9_3-768x512.jpg\"\n    data-image=\"https:\/\/saunaempire.lt\/wp-content\/uploads\/2024\/10\/product_9_3-1024x683.jpg\"\n    data-title=\"product_9_3\">\n\n<img decoding=\"async\" alt=\"gal_4_126\"\n   src=\"https:\/\/saunaempire.lt\/wp-content\/uploads\/2024\/10\/gal_4_126-768x509.jpg\"\n    data-image=\"https:\/\/saunaempire.lt\/wp-content\/uploads\/2024\/10\/gal_4_126-1024x678.jpg\"\n    data-title=\"gal_4_126\">\n\n<img decoding=\"async\" alt=\"gal_4_131\"\n   src=\"https:\/\/saunaempire.lt\/wp-content\/uploads\/2024\/10\/gal_4_131-768x509.jpg\"\n    data-image=\"https:\/\/saunaempire.lt\/wp-content\/uploads\/2024\/10\/gal_4_131-1024x678.jpg\"\n    data-title=\"gal_4_131\">\n\n  \n<\/div>\n<\/div>\n<!-- end Masonry Gallery -->\t\t\t\t<\/div>\n\t\t\t\t<\/div>\n\t\t\t\t<\/div>\n\t\t\t\t<\/div>\n\t\t\t\t<\/div>\n\t\t\t\t<\/div>","protected":false},"excerpt":{"rendered":"<p>\u2190 Restoranas \u201eNyk\u0161tuk\u0173 pasaulis&#8221;.Rengiami banketai, fur\u0161etai, vakar\u0117liai, dienos piet\u016bs.<\/p>","protected":false},"author":1,"featured_media":0,"parent":15,"menu_order":0,"comment_status":"closed","ping_status":"closed","template":"","meta":{"footnotes":""},"class_list":["post-27","page","type-page","status-publish","hentry"],"_links":{"self":[{"href":"https:\/\/saunaempire.lt\/en\/wp-json\/wp\/v2\/pages\/27","targetHints":{"allow":["GET"]}}],"collection":[{"href":"https:\/\/saunaempire.lt\/en\/wp-json\/wp\/v2\/pages"}],"about":[{"href":"https:\/\/saunaempire.lt\/en\/wp-json\/wp\/v2\/types\/page"}],"author":[{"embeddable":true,"href":"https:\/\/saunaempire.lt\/en\/wp-json\/wp\/v2\/users\/1"}],"replies":[{"embeddable":true,"href":"https:\/\/saunaempire.lt\/en\/wp-json\/wp\/v2\/comments?post=27"}],"version-history":[{"count":0,"href":"https:\/\/saunaempire.lt\/en\/wp-json\/wp\/v2\/pages\/27\/revisions"}],"up":[{"embeddable":true,"href":"https:\/\/saunaempire.lt\/en\/wp-json\/wp\/v2\/pages\/15"}],"wp:attachment":[{"href":"https:\/\/saunaempire.lt\/en\/wp-json\/wp\/v2\/media?parent=27"}],"curies":[{"name":"wp","href":"https:\/\/api.w.org\/{rel}","templated":true}]}}